{"id":3998,"date":"2024-10-15T15:43:56","date_gmt":"2024-10-15T13:43:56","guid":{"rendered":"http:\/\/l-pvp.local\/?page_id=3998"},"modified":"2025-02-09T00:17:56","modified_gmt":"2025-02-08T23:17:56","slug":"polykristalline-solarmodule","status":"publish","type":"page","link":"https:\/\/pvprosolar.de\/en\/polykristalline-solarmodule\/","title":{"rendered":"Polykristalline Solarmodule"},"content":{"rendered":"<h1>Polykristalline Solarmodule<\/h1>\n<h3>Produkt\u00fcbersicht<\/h3>\n<h2> Produkt\u00fcbersicht<\/h2>\n<p>Unsere polykristallinen Solarmodule bieten ein hervorragendes Gleichgewicht zwischen Leistung und Erschwinglichkeit. Diese Module sind eine gute Wahl f\u00fcr gr\u00f6\u00dfere Installationen, bei denen der Platz weniger begrenzt ist. Du bist darauf ausgelegt, eine zuverl\u00e4ssige und effiziente Energieerzeugung zu gew\u00e4hrleisten und eignen sich ideal f\u00fcr ein breites Anwendungsspektrum. Mit deiner blauen Farbe und multikristallinen Struktur vereinen diese Module hohe Qualit\u00e4t mit Wirtschaftlichkeit und sind sowohl f\u00fcr private als auch gewerbliche Solaranlagen eine beliebte Wahl.<\/p>\n<p>\t\t\t\t\t\t\t\t\t\t\t\t\t\t\t<img decoding=\"async\" src=\"https:\/\/pvprosolar.de\/wp-content\/uploads\/elementor\/thumbs\/portrait-of-engineers-standing-outside-near-solar-2024-09-20-00-08-35-utc-scaled-qxad9pehm19d5vdg2a4wt6moctp46g459ift8kcg9w.jpg\" title=\"Polykristalline Solarmodule\" alt=\"Polykristalline Solarmodule\" loading=\"lazy\" \/>\t\t\t\t\t\t\t\t\t\t\t\t\t\t\t<\/p>\n<h3>Ideale Anwendungen<\/h3>\n<p>\t\t\t\t<svg aria-hidden=\"true\" viewBox=\"0 0 512 512\" xmlns=\"http:\/\/www.w3.org\/2000\/svg\"><path d=\"M173.898 439.404l-166.4-166.4c-9.997-9.997-9.997-26.206 0-36.204l36.203-36.204c9.997-9.998 26.207-9.998 36.204 0L192 312.69 432.095 72.596c9.997-9.997 26.207-9.997 36.204 0l36.203 36.204c9.997 9.997 9.997 26.206 0 36.204l-294.4 294.401c-9.998 9.997-26.207 9.997-36.204-.001z\"><\/path><\/svg>\t\t\t\t<\/p>\n<h3>\n\t\t\t\t\t\t\tWohnanlagen:<br \/>\n\t\t\t\t\t<\/h3>\n<p>\n\t\t\t\t\t\tIdeal f\u00fcr Hausbesitzer mit ausreichend Platz, die die Vorteile der Solarenergie nutzen m\u00f6chten, ohne eine gro\u00dfe Anfangsinvestition zu t\u00e4tigen.\t\t\t\t\t<\/p>\n<p>\t\t\t\t<svg aria-hidden=\"true\" viewBox=\"0 0 512 512\" xmlns=\"http:\/\/www.w3.org\/2000\/svg\"><path d=\"M173.898 439.404l-166.4-166.4c-9.997-9.997-9.997-26.206 0-36.204l36.203-36.204c9.997-9.998 26.207-9.998 36.204 0L192 312.69 432.095 72.596c9.997-9.997 26.207-9.997 36.204 0l36.203 36.204c9.997 9.997 9.997 26.206 0 36.204l-294.4 294.401c-9.998 9.997-26.207 9.997-36.204-.001z\"><\/path><\/svg>\t\t\t\t<\/p>\n<h3>\n\t\t\t\t\t\t\tKommerzielle Projekte:<br \/>\n\t\t\t\t\t<\/h3>\n<p>\n\t\t\t\t\t\tGeeignet f\u00fcr Unternehmen, die nach einer kosteng\u00fcnstigen M\u00f6glichkeit suchen, Solarenergie in gr\u00f6\u00dferem Ma\u00dfstab umzusetzen.\t\t\t\t\t<\/p>\n<p>\t\t\t\t<svg aria-hidden=\"true\" viewBox=\"0 0 512 512\" xmlns=\"http:\/\/www.w3.org\/2000\/svg\"><path d=\"M173.898 439.404l-166.4-166.4c-9.997-9.997-9.997-26.206 0-36.204l36.203-36.204c9.997-9.998 26.207-9.998 36.204 0L192 312.69 432.095 72.596c9.997-9.997 26.207-9.997 36.204 0l36.203 36.204c9.997 9.997 9.997 26.206 0 36.204l-294.4 294.401c-9.998 9.997-26.207 9.997-36.204-.001z\"><\/path><\/svg>\t\t\t\t<\/p>\n<h3>\n\t\t\t\t\t\t\tGro\u00dfe Solarparks:<br \/>\n\t\t\t\t\t<\/h3>\n<p>\n\t\t\t\t\t\tPerfekt f\u00fcr Solarparks oder gro\u00dfe Grundst\u00fccke, bei denen Kosteneinsparungen und Langlebigkeit entscheidende Faktoren sind.\t\t\t\t\t<\/p>\n<p>\t\t\t\t<svg aria-hidden=\"true\" viewBox=\"0 0 512 512\" xmlns=\"http:\/\/www.w3.org\/2000\/svg\"><path d=\"M173.898 439.404l-166.4-166.4c-9.997-9.997-9.997-26.206 0-36.204l36.203-36.204c9.997-9.998 26.207-9.998 36.204 0L192 312.69 432.095 72.596c9.997-9.997 26.207-9.997 36.204 0l36.203 36.204c9.997 9.997 9.997 26.206 0 36.204l-294.4 294.401c-9.998 9.997-26.207 9.997-36.204-.001z\"><\/path><\/svg>\t\t\t\t<\/p>\n<h3>\n\t\t\t\t\t\t\tL\u00e4ndliche Gebiete:<br \/>\n\t\t\t\t\t<\/h3>\n<p>\n\t\t\t\t\t\tEine gro\u00dfartige Option f\u00fcr netzunabh\u00e4ngige Standorte, an denen zuverl\u00e4ssige Energie von entscheidender Bedeutung ist.\t\t\t\t\t<\/p>\n<h4>Warum solltest du sich f\u00fcr unsere polykristallinen Module entscheiden?<\/h4>\n<p>Unsere polykristallinen Solarmodule bieten eine praktische und wirtschaftliche L\u00f6sung f\u00fcr verschiedene Solarenergiebed\u00fcrfnisse. Da der Schwerpunkt auf hoher Leistung bei niedrigen Kosten liegt, eignen sich diese Module perfekt f\u00fcr Kunden, die deinen Energieertrag maximieren und gleichzeitig dein Budget einhalten m\u00f6chten. Ganz gleich, ob du an einer Solaranlage mit Speicher interessiert bist, die Kosten einer Solaranlage ber\u00fccksichtigen oder eine gro\u00df angelegte Installation planen, unsere polykristallinen Module bieten die Zuverl\u00e4ssigkeit und Effizienz, die Sie ben\u00f6tigen.<\/p>\n<p>\t\t\t\t\t<a href=\"https:\/\/pvprosolar.de\/form\/\"><br \/>\n\t\t\t\t\t\t\t\t\tEin Angebot anfordern<br \/>\n\t\t\t\t\t<\/a><br \/>\n\t\t\t\t\t<a href=\"https:\/\/pvprosolar.de\/product\/polykristalline-solarmodule\/\"><br \/>\n\t\t\t\t\t\t\t\t\tPolykristalline Solarmodule<br \/>\n\t\t\t\t\t<\/a><\/p>\n<h2>FAQs<\/h2>\n<p>\t\t\t\t\t\t\t\t\t\t\t\t\t\t\t<svg viewBox=\"0 0 320 512\" xmlns=\"http:\/\/www.w3.org\/2000\/svg\"><path d=\"M143 352.3L7 216.3c-9.4-9.4-9.4-24.6 0-33.9l22.6-22.6c9.4-9.4 24.6-9.4 33.9 0l96.4 96.4 96.4-96.4c9.4-9.4 24.6-9.4 33.9 0l22.6 22.6c9.4 9.4 9.4 24.6 0 33.9l-136 136c-9.2 9.4-24.4 9.4-33.8 0z\"><\/path><\/svg><br \/>\n\t\t\t\t\t\t\t\t<svg viewBox=\"0 0 320 512\" xmlns=\"http:\/\/www.w3.org\/2000\/svg\"><path d=\"M177 159.7l136 136c9.4 9.4 9.4 24.6 0 33.9l-22.6 22.6c-9.4 9.4-24.6 9.4-33.9 0L160 255.9l-96.4 96.4c-9.4 9.4-24.6 9.4-33.9 0L7 329.7c-9.4-9.4-9.4-24.6 0-33.9l136-136c9.4-9.5 24.6-9.5 34-.1z\"><\/path><\/svg><br \/>\n\t\t\t\t\t\t\t\t\t\t\t\t<a tabindex=\"0\">Was sind polykristalline Solarmodule?<\/a><\/p>\n<p>Polykristalline Solarmodule bestehen aus zu einer multikristallinen Struktur verschmolzenen Siliziumkristallen. Du bist f\u00fcr deine blaue Farbe bekannt und bieten eine kosteng\u00fcnstige Option f\u00fcr Solarenergie.<\/p>\n<p>\t\t\t\t\t\t\t\t\t\t\t\t\t\t\t<svg viewBox=\"0 0 320 512\" xmlns=\"http:\/\/www.w3.org\/2000\/svg\"><path d=\"M143 352.3L7 216.3c-9.4-9.4-9.4-24.6 0-33.9l22.6-22.6c9.4-9.4 24.6-9.4 33.9 0l96.4 96.4 96.4-96.4c9.4-9.4 24.6-9.4 33.9 0l22.6 22.6c9.4 9.4 9.4 24.6 0 33.9l-136 136c-9.2 9.4-24.4 9.4-33.8 0z\"><\/path><\/svg><br \/>\n\t\t\t\t\t\t\t\t<svg viewBox=\"0 0 320 512\" xmlns=\"http:\/\/www.w3.org\/2000\/svg\"><path d=\"M177 159.7l136 136c9.4 9.4 9.4 24.6 0 33.9l-22.6 22.6c-9.4 9.4-24.6 9.4-33.9 0L160 255.9l-96.4 96.4c-9.4 9.4-24.6 9.4-33.9 0L7 329.7c-9.4-9.4-9.4-24.6 0-33.9l136-136c9.4-9.5 24.6-9.5 34-.1z\"><\/path><\/svg><br \/>\n\t\t\t\t\t\t\t\t\t\t\t\t<a tabindex=\"0\">Wie unterscheiden sich polykristalline Module von monokristallinen Modulen?  <\/a><\/p>\n<p>Polykristalline Module sind im Allgemeinen g\u00fcnstiger als monokristalline Module, k\u00f6nnen jedoch einen etwas geringeren Wirkungsgrad aufweisen. Sie sind eine gute Wahl f\u00fcr gr\u00f6\u00dfere Installationen, bei denen das Budget eine entscheidende Rolle spielt.<\/p>\n<p>\t\t\t\t\t\t\t\t\t\t\t\t\t\t\t<svg viewBox=\"0 0 320 512\" xmlns=\"http:\/\/www.w3.org\/2000\/svg\"><path d=\"M143 352.3L7 216.3c-9.4-9.4-9.4-24.6 0-33.9l22.6-22.6c9.4-9.4 24.6-9.4 33.9 0l96.4 96.4 96.4-96.4c9.4-9.4 24.6-9.4 33.9 0l22.6 22.6c9.4 9.4 9.4 24.6 0 33.9l-136 136c-9.2 9.4-24.4 9.4-33.8 0z\"><\/path><\/svg><br \/>\n\t\t\t\t\t\t\t\t<svg viewBox=\"0 0 320 512\" xmlns=\"http:\/\/www.w3.org\/2000\/svg\"><path d=\"M177 159.7l136 136c9.4 9.4 9.4 24.6 0 33.9l-22.6 22.6c-9.4 9.4-24.6 9.4-33.9 0L160 255.9l-96.4 96.4c-9.4 9.4-24.6 9.4-33.9 0L7 329.7c-9.4-9.4-9.4-24.6 0-33.9l136-136c9.4-9.5 24.6-9.5 34-.1z\"><\/path><\/svg><br \/>\n\t\t\t\t\t\t\t\t\t\t\t\t<a tabindex=\"0\">Sind polykristalline Solarmodule f\u00fcr den privaten Gebrauch geeignet?<\/a><\/p>\n<p>Ja, polykristalline Module eignen sich f\u00fcr den Heimgebrauch, insbesondere f\u00fcr Installationen, bei denen der Platz nicht begrenzt ist und Kosteneinsparungen im Vordergrund stehen.<\/p>\n<p>\t\t\t\t\t\t\t\t\t\t\t\t\t\t\t<svg viewBox=\"0 0 320 512\" xmlns=\"http:\/\/www.w3.org\/2000\/svg\"><path d=\"M143 352.3L7 216.3c-9.4-9.4-9.4-24.6 0-33.9l22.6-22.6c9.4-9.4 24.6-9.4 33.9 0l96.4 96.4 96.4-96.4c9.4-9.4 24.6-9.4 33.9 0l22.6 22.6c9.4 9.4 9.4 24.6 0 33.9l-136 136c-9.2 9.4-24.4 9.4-33.8 0z\"><\/path><\/svg><br \/>\n\t\t\t\t\t\t\t\t<svg viewBox=\"0 0 320 512\" xmlns=\"http:\/\/www.w3.org\/2000\/svg\"><path d=\"M177 159.7l136 136c9.4 9.4 9.4 24.6 0 33.9l-22.6 22.6c-9.4 9.4-24.6 9.4-33.9 0L160 255.9l-96.4 96.4c-9.4 9.4-24.6 9.4-33.9 0L7 329.7c-9.4-9.4-9.4-24.6 0-33.9l136-136c9.4-9.5 24.6-9.5 34-.1z\"><\/path><\/svg><br \/>\n\t\t\t\t\t\t\t\t\t\t\t\t<a tabindex=\"0\">Wie lange halten polykristalline Solarmodule?<\/a><\/p>\n<p>Polykristalline Solarmodule haben typischerweise eine Lebensdauer von 20\u201325 Jahren, wobei die meisten Hersteller f\u00fcr diesen Zeitraum Garantien anbieten.<\/p>\n<p>\t\t\t\t\t\t\t\t\t\t\t\t\t\t\t<svg viewBox=\"0 0 320 512\" xmlns=\"http:\/\/www.w3.org\/2000\/svg\"><path d=\"M143 352.3L7 216.3c-9.4-9.4-9.4-24.6 0-33.9l22.6-22.6c9.4-9.4 24.6-9.4 33.9 0l96.4 96.4 96.4-96.4c9.4-9.4 24.6-9.4 33.9 0l22.6 22.6c9.4 9.4 9.4 24.6 0 33.9l-136 136c-9.2 9.4-24.4 9.4-33.8 0z\"><\/path><\/svg><br \/>\n\t\t\t\t\t\t\t\t<svg viewBox=\"0 0 320 512\" xmlns=\"http:\/\/www.w3.org\/2000\/svg\"><path d=\"M177 159.7l136 136c9.4 9.4 9.4 24.6 0 33.9l-22.6 22.6c-9.4 9.4-24.6 9.4-33.9 0L160 255.9l-96.4 96.4c-9.4 9.4-24.6 9.4-33.9 0L7 329.7c-9.4-9.4-9.4-24.6 0-33.9l136-136c9.4-9.5 24.6-9.5 34-.1z\"><\/path><\/svg><br \/>\n\t\t\t\t\t\t\t\t\t\t\t\t<a tabindex=\"0\">K\u00f6nnen polykristalline Panels bei schlechten Lichtverh\u00e4ltnissen gut funktionieren?<\/a><\/p>\n<p>Obwohl polykristalline Panels effizient sind, k\u00f6nnen sie bei schlechten Lichtverh\u00e4ltnissen m\u00f6glicherweise nicht so gut funktionieren wie monokristalline Panels. Dennoch liefern sie bei unterschiedlichen Wetterbedingungen zuverl\u00e4ssig Energie.<\/p>\n<p>\t\t\t\t\t\t\t\t\t\t\t\t\t\t\t<svg viewBox=\"0 0 320 512\" xmlns=\"http:\/\/www.w3.org\/2000\/svg\"><path d=\"M143 352.3L7 216.3c-9.4-9.4-9.4-24.6 0-33.9l22.6-22.6c9.4-9.4 24.6-9.4 33.9 0l96.4 96.4 96.4-96.4c9.4-9.4 24.6-9.4 33.9 0l22.6 22.6c9.4 9.4 9.4 24.6 0 33.9l-136 136c-9.2 9.4-24.4 9.4-33.8 0z\"><\/path><\/svg><br \/>\n\t\t\t\t\t\t\t\t<svg viewBox=\"0 0 320 512\" xmlns=\"http:\/\/www.w3.org\/2000\/svg\"><path d=\"M177 159.7l136 136c9.4 9.4 9.4 24.6 0 33.9l-22.6 22.6c-9.4 9.4-24.6 9.4-33.9 0L160 255.9l-96.4 96.4c-9.4 9.4-24.6 9.4-33.9 0L7 329.7c-9.4-9.4-9.4-24.6 0-33.9l136-136c9.4-9.5 24.6-9.5 34-.1z\"><\/path><\/svg><br \/>\n\t\t\t\t\t\t\t\t\t\t\t\t<a tabindex=\"0\">Wie ist der Installationsprozess f\u00fcr polykristalline Solarmodule?<\/a><\/p>\n<p>Polykristalline Module werden \u00e4hnlich wie andere Arten von Solarmodulen installiert. Um optimale Leistung und Sicherheit zu gew\u00e4hrleisten, wird eine professionelle Installation empfohlen.<\/p>\n<p>\t\t\t\t\t\t\t\t\t\t\t\t\t\t\t<svg viewBox=\"0 0 320 512\" xmlns=\"http:\/\/www.w3.org\/2000\/svg\"><path d=\"M143 352.3L7 216.3c-9.4-9.4-9.4-24.6 0-33.9l22.6-22.6c9.4-9.4 24.6-9.4 33.9 0l96.4 96.4 96.4-96.4c9.4-9.4 24.6-9.4 33.9 0l22.6 22.6c9.4 9.4 9.4 24.6 0 33.9l-136 136c-9.2 9.4-24.4 9.4-33.8 0z\"><\/path><\/svg><br \/>\n\t\t\t\t\t\t\t\t<svg viewBox=\"0 0 320 512\" xmlns=\"http:\/\/www.w3.org\/2000\/svg\"><path d=\"M177 159.7l136 136c9.4 9.4 9.4 24.6 0 33.9l-22.6 22.6c-9.4 9.4-24.6 9.4-33.9 0L160 255.9l-96.4 96.4c-9.4 9.4-24.6 9.4-33.9 0L7 329.7c-9.4-9.4-9.4-24.6 0-33.9l136-136c9.4-9.5 24.6-9.5 34-.1z\"><\/path><\/svg><br \/>\n\t\t\t\t\t\t\t\t\t\t\t\t<a tabindex=\"0\">Wie pflege ich polykristalline Solarmodule?<\/a><\/p>\n<p>Polykristalline Module sind wartungsarm. Um die Leistungsf\u00e4higkeit der Module aufrechtzuerhalten, reicht in der Regel eine regelm\u00e4\u00dfige Reinigung zur Entfernung von Staub und Schmutz aus.<\/p>\n<p>      +<br \/>\n        <a href=\"tel:+49 511 3360603\"><br \/>\n            <img decoding=\"async\" src=\"https:\/\/pvprosolar.de\/wp-content\/uploads\/2024\/08\/telephone.png\" alt=\"Phone\"><br \/>\n        <\/a><br \/>\n        <a href=\"mailto:Volker.buenger@pvprosolar.de\"><br \/>\n            <img decoding=\"async\" src=\"https:\/\/pvprosolar.de\/wp-content\/uploads\/2024\/08\/email.png\" alt=\"Mail\"><br \/>\n        <\/a><br \/>\n        <a href=\"https:\/\/www.facebook.com\/pvprosolarde\"><br \/>\n            <img decoding=\"async\" src=\"https:\/\/pvprosolar.de\/wp-content\/uploads\/2024\/08\/facebook-app-symbol.png\" alt=\"Facebook\"><br \/>\n        <\/a><br \/>\n        <a href=\"https:\/\/www.instagram.com\/pvprosolar\/\"><br \/>\n            <img decoding=\"async\" src=\"https:\/\/pvprosolar.de\/wp-content\/uploads\/2024\/08\/instagram.png\" alt=\"Instagram\"><br \/>\n        <\/a><br \/>\n        <a href=\"https:\/\/pvprosolar.de\/#funnel-form\"><br \/>\n            <img decoding=\"async\" src=\"https:\/\/pvprosolar.de\/wp-content\/uploads\/2024\/08\/contact-form.png\" alt=\"Ein Angebot anfordern\"><br \/>\n        <\/a><\/p>\n","protected":false},"excerpt":{"rendered":"<p>Polykristalline Solarmodule Produkt\u00fcbersicht Produkt\u00fcbersicht Unsere polykristallinen Solarmodule bieten ein hervorragendes Gleichgewicht zwischen Leistung und Erschwinglichkeit. Diese Module sind eine gute Wahl f\u00fcr gr\u00f6\u00dfere Installationen, bei denen der Platz weniger begrenzt ist. Du bist darauf ausgelegt, eine zuverl\u00e4ssige und effiziente Energieerzeugung zu gew\u00e4hrleisten und eignen sich ideal f\u00fcr ein breites Anwendungsspektrum. Mit deiner blauen Farbe und&#8230;<\/p>\n","protected":false},"author":16,"featured_media":4298,"parent":0,"menu_order":0,"comment_status":"closed","ping_status":"closed","template":"elementor_header_footer","meta":{"_kad_blocks_custom_css":"","_kad_blocks_head_custom_js":"","_kad_blocks_body_custom_js":"","_kad_blocks_footer_custom_js":"","postBodyCss":"","postBodyMargin":[],"postBodyPadding":[],"postBodyBackground":{"backgroundType":"classic","gradient":""},"_uf_show_specific_survey":0,"_uf_disable_surveys":false,"_kad_post_transparent":"","_kad_post_title":"","_kad_post_layout":"","_kad_post_sidebar_id":"","_kad_post_content_style":"","_kad_post_vertical_padding":"","_kad_post_feature":"","_kad_post_feature_position":"","_kad_post_header":false,"_kad_post_footer":false,"_kad_post_classname":"","footnotes":""},"class_list":["post-3998","page","type-page","status-publish","has-post-thumbnail","hentry"],"yoast_head":"<!-- This site is optimized with the Yoast SEO plugin v27.4 - https:\/\/yoast.com\/product\/yoast-seo-wordpress\/ -->\n<title>Polykristalline Solarmodule &#183; PVPro Solar \u2013 Dein Photovoltaikanbieter vor Ort in Hannover<\/title>\n<meta name=\"robots\" content=\"index, follow, max-snippet:-1, max-image-preview:large, max-video-preview:-1\" \/>\n<link rel=\"canonical\" href=\"https:\/\/pvprosolar.de\/en\/polykristalline-solarmodule\/\" \/>\n<meta property=\"og:locale\" content=\"en_US\" \/>\n<meta property=\"og:type\" content=\"article\" \/>\n<meta property=\"og:title\" content=\"Polykristalline Solarmodule &#183; PVPro Solar \u2013 Dein Photovoltaikanbieter vor Ort in Hannover\" \/>\n<meta property=\"og:description\" content=\"Polykristalline Solarmodule Produkt\u00fcbersicht Produkt\u00fcbersicht Unsere polykristallinen Solarmodule bieten ein hervorragendes Gleichgewicht zwischen Leistung und Erschwinglichkeit. Diese Module sind eine gute Wahl f\u00fcr gr\u00f6\u00dfere Installationen, bei denen der Platz weniger begrenzt ist. Du bist darauf ausgelegt, eine zuverl\u00e4ssige und effiziente Energieerzeugung zu gew\u00e4hrleisten und eignen sich ideal f\u00fcr ein breites Anwendungsspektrum. Mit deiner blauen Farbe und...\" \/>\n<meta property=\"og:url\" content=\"https:\/\/pvprosolar.de\/en\/polykristalline-solarmodule\/\" \/>\n<meta property=\"og:site_name\" content=\"PVPro Solar \u2013 Dein Photovoltaikanbieter vor Ort in Hannover\" \/>\n<meta property=\"article:modified_time\" content=\"2025-02-08T23:17:56+00:00\" \/>\n<meta property=\"og:image\" content=\"https:\/\/pvprosolar.de\/wp-content\/uploads\/2024\/10\/was-sind-erneuerbare-energien.jpg\" \/>\n\t<meta property=\"og:image:width\" content=\"1890\" \/>\n\t<meta property=\"og:image:height\" content=\"1512\" \/>\n\t<meta property=\"og:image:type\" content=\"image\/jpeg\" \/>\n<meta name=\"twitter:card\" content=\"summary_large_image\" \/>\n<meta name=\"twitter:label1\" content=\"Est. reading time\" \/>\n\t<meta name=\"twitter:data1\" content=\"3 minutes\" \/>\n<script type=\"application\/ld+json\" class=\"yoast-schema-graph\">{\"@context\":\"https:\\\/\\\/schema.org\",\"@graph\":[{\"@type\":\"WebPage\",\"@id\":\"https:\\\/\\\/pvprosolar.de\\\/en\\\/polykristalline-solarmodule\\\/\",\"url\":\"https:\\\/\\\/pvprosolar.de\\\/en\\\/polykristalline-solarmodule\\\/\",\"name\":\"Polykristalline Solarmodule &#183; PVPro Solar \u2013 Dein Photovoltaikanbieter vor Ort in Hannover\",\"isPartOf\":{\"@id\":\"https:\\\/\\\/pvprosolar.de\\\/en\\\/#website\"},\"primaryImageOfPage\":{\"@id\":\"https:\\\/\\\/pvprosolar.de\\\/en\\\/polykristalline-solarmodule\\\/#primaryimage\"},\"image\":{\"@id\":\"https:\\\/\\\/pvprosolar.de\\\/en\\\/polykristalline-solarmodule\\\/#primaryimage\"},\"thumbnailUrl\":\"https:\\\/\\\/pvprosolar.de\\\/wp-content\\\/uploads\\\/2024\\\/10\\\/was-sind-erneuerbare-energien.jpg\",\"datePublished\":\"2024-10-15T13:43:56+00:00\",\"dateModified\":\"2025-02-08T23:17:56+00:00\",\"breadcrumb\":{\"@id\":\"https:\\\/\\\/pvprosolar.de\\\/en\\\/polykristalline-solarmodule\\\/#breadcrumb\"},\"inLanguage\":\"en-US\",\"potentialAction\":[{\"@type\":\"ReadAction\",\"target\":[\"https:\\\/\\\/pvprosolar.de\\\/en\\\/polykristalline-solarmodule\\\/\"]}]},{\"@type\":\"ImageObject\",\"inLanguage\":\"en-US\",\"@id\":\"https:\\\/\\\/pvprosolar.de\\\/en\\\/polykristalline-solarmodule\\\/#primaryimage\",\"url\":\"https:\\\/\\\/pvprosolar.de\\\/wp-content\\\/uploads\\\/2024\\\/10\\\/was-sind-erneuerbare-energien.jpg\",\"contentUrl\":\"https:\\\/\\\/pvprosolar.de\\\/wp-content\\\/uploads\\\/2024\\\/10\\\/was-sind-erneuerbare-energien.jpg\",\"width\":1890,\"height\":1512,\"caption\":\"was sind erneuerbare energien\"},{\"@type\":\"BreadcrumbList\",\"@id\":\"https:\\\/\\\/pvprosolar.de\\\/en\\\/polykristalline-solarmodule\\\/#breadcrumb\",\"itemListElement\":[{\"@type\":\"ListItem\",\"position\":1,\"name\":\"Home\",\"item\":\"https:\\\/\\\/pvprosolar.de\\\/en\\\/\"},{\"@type\":\"ListItem\",\"position\":2,\"name\":\"Polykristalline Solarmodule\"}]},{\"@type\":\"WebSite\",\"@id\":\"https:\\\/\\\/pvprosolar.de\\\/en\\\/#website\",\"url\":\"https:\\\/\\\/pvprosolar.de\\\/en\\\/\",\"name\":\"PVPro Solar GmbH\",\"description\":\"Photovoltaik, Speicher, Wallbox | Aus Hannover f\u00fcr die Region\",\"publisher\":{\"@id\":\"https:\\\/\\\/pvprosolar.de\\\/en\\\/#organization\"},\"potentialAction\":[{\"@type\":\"SearchAction\",\"target\":{\"@type\":\"EntryPoint\",\"urlTemplate\":\"https:\\\/\\\/pvprosolar.de\\\/en\\\/?s={search_term_string}\"},\"query-input\":{\"@type\":\"PropertyValueSpecification\",\"valueRequired\":true,\"valueName\":\"search_term_string\"}}],\"inLanguage\":\"en-US\"},{\"@type\":\"Organization\",\"@id\":\"https:\\\/\\\/pvprosolar.de\\\/en\\\/#organization\",\"name\":\"PVPro Solar\",\"url\":\"https:\\\/\\\/pvprosolar.de\\\/en\\\/\",\"logo\":{\"@type\":\"ImageObject\",\"inLanguage\":\"en-US\",\"@id\":\"https:\\\/\\\/pvprosolar.de\\\/en\\\/#\\\/schema\\\/logo\\\/image\\\/\",\"url\":\"https:\\\/\\\/pvprosolar.de\\\/wp-content\\\/uploads\\\/2025\\\/12\\\/pvpro-design.png\",\"contentUrl\":\"https:\\\/\\\/pvprosolar.de\\\/wp-content\\\/uploads\\\/2025\\\/12\\\/pvpro-design.png\",\"width\":500,\"height\":500,\"caption\":\"PVPro Solar\"},\"image\":{\"@id\":\"https:\\\/\\\/pvprosolar.de\\\/en\\\/#\\\/schema\\\/logo\\\/image\\\/\"}}]}<\/script>\n<!-- \/ Yoast SEO plugin. -->","yoast_head_json":{"title":"Polykristalline Solarmodule &#183; PVPro Solar \u2013 Dein Photovoltaikanbieter vor Ort in Hannover","robots":{"index":"index","follow":"follow","max-snippet":"max-snippet:-1","max-image-preview":"max-image-preview:large","max-video-preview":"max-video-preview:-1"},"canonical":"https:\/\/pvprosolar.de\/en\/polykristalline-solarmodule\/","og_locale":"en_US","og_type":"article","og_title":"Polykristalline Solarmodule &#183; PVPro Solar \u2013 Dein Photovoltaikanbieter vor Ort in Hannover","og_description":"Polykristalline Solarmodule Produkt\u00fcbersicht Produkt\u00fcbersicht Unsere polykristallinen Solarmodule bieten ein hervorragendes Gleichgewicht zwischen Leistung und Erschwinglichkeit. Diese Module sind eine gute Wahl f\u00fcr gr\u00f6\u00dfere Installationen, bei denen der Platz weniger begrenzt ist. Du bist darauf ausgelegt, eine zuverl\u00e4ssige und effiziente Energieerzeugung zu gew\u00e4hrleisten und eignen sich ideal f\u00fcr ein breites Anwendungsspektrum. Mit deiner blauen Farbe und...","og_url":"https:\/\/pvprosolar.de\/en\/polykristalline-solarmodule\/","og_site_name":"PVPro Solar \u2013 Dein Photovoltaikanbieter vor Ort in Hannover","article_modified_time":"2025-02-08T23:17:56+00:00","og_image":[{"width":1890,"height":1512,"url":"https:\/\/pvprosolar.de\/wp-content\/uploads\/2024\/10\/was-sind-erneuerbare-energien.jpg","type":"image\/jpeg"}],"twitter_card":"summary_large_image","twitter_misc":{"Est. reading time":"3 minutes"},"schema":{"@context":"https:\/\/schema.org","@graph":[{"@type":"WebPage","@id":"https:\/\/pvprosolar.de\/en\/polykristalline-solarmodule\/","url":"https:\/\/pvprosolar.de\/en\/polykristalline-solarmodule\/","name":"Polykristalline Solarmodule &#183; PVPro Solar \u2013 Dein Photovoltaikanbieter vor Ort in Hannover","isPartOf":{"@id":"https:\/\/pvprosolar.de\/en\/#website"},"primaryImageOfPage":{"@id":"https:\/\/pvprosolar.de\/en\/polykristalline-solarmodule\/#primaryimage"},"image":{"@id":"https:\/\/pvprosolar.de\/en\/polykristalline-solarmodule\/#primaryimage"},"thumbnailUrl":"https:\/\/pvprosolar.de\/wp-content\/uploads\/2024\/10\/was-sind-erneuerbare-energien.jpg","datePublished":"2024-10-15T13:43:56+00:00","dateModified":"2025-02-08T23:17:56+00:00","breadcrumb":{"@id":"https:\/\/pvprosolar.de\/en\/polykristalline-solarmodule\/#breadcrumb"},"inLanguage":"en-US","potentialAction":[{"@type":"ReadAction","target":["https:\/\/pvprosolar.de\/en\/polykristalline-solarmodule\/"]}]},{"@type":"ImageObject","inLanguage":"en-US","@id":"https:\/\/pvprosolar.de\/en\/polykristalline-solarmodule\/#primaryimage","url":"https:\/\/pvprosolar.de\/wp-content\/uploads\/2024\/10\/was-sind-erneuerbare-energien.jpg","contentUrl":"https:\/\/pvprosolar.de\/wp-content\/uploads\/2024\/10\/was-sind-erneuerbare-energien.jpg","width":1890,"height":1512,"caption":"was sind erneuerbare energien"},{"@type":"BreadcrumbList","@id":"https:\/\/pvprosolar.de\/en\/polykristalline-solarmodule\/#breadcrumb","itemListElement":[{"@type":"ListItem","position":1,"name":"Home","item":"https:\/\/pvprosolar.de\/en\/"},{"@type":"ListItem","position":2,"name":"Polykristalline Solarmodule"}]},{"@type":"WebSite","@id":"https:\/\/pvprosolar.de\/en\/#website","url":"https:\/\/pvprosolar.de\/en\/","name":"PVPro Solar GmbH","description":"Photovoltaik, Speicher, Wallbox | Aus Hannover f\u00fcr die Region","publisher":{"@id":"https:\/\/pvprosolar.de\/en\/#organization"},"potentialAction":[{"@type":"SearchAction","target":{"@type":"EntryPoint","urlTemplate":"https:\/\/pvprosolar.de\/en\/?s={search_term_string}"},"query-input":{"@type":"PropertyValueSpecification","valueRequired":true,"valueName":"search_term_string"}}],"inLanguage":"en-US"},{"@type":"Organization","@id":"https:\/\/pvprosolar.de\/en\/#organization","name":"PVPro Solar","url":"https:\/\/pvprosolar.de\/en\/","logo":{"@type":"ImageObject","inLanguage":"en-US","@id":"https:\/\/pvprosolar.de\/en\/#\/schema\/logo\/image\/","url":"https:\/\/pvprosolar.de\/wp-content\/uploads\/2025\/12\/pvpro-design.png","contentUrl":"https:\/\/pvprosolar.de\/wp-content\/uploads\/2025\/12\/pvpro-design.png","width":500,"height":500,"caption":"PVPro Solar"},"image":{"@id":"https:\/\/pvprosolar.de\/en\/#\/schema\/logo\/image\/"}}]}},"taxonomy_info":[],"featured_image_src_large":["https:\/\/pvprosolar.de\/wp-content\/uploads\/2024\/10\/was-sind-erneuerbare-energien-1024x819.jpg",1024,819,true],"author_info":{"display_name":"kh","author_link":"https:\/\/pvprosolar.de\/en\/author\/kj\/"},"comment_info":0,"_links":{"self":[{"href":"https:\/\/pvprosolar.de\/en\/wp-json\/wp\/v2\/pages\/3998","targetHints":{"allow":["GET"]}}],"collection":[{"href":"https:\/\/pvprosolar.de\/en\/wp-json\/wp\/v2\/pages"}],"about":[{"href":"https:\/\/pvprosolar.de\/en\/wp-json\/wp\/v2\/types\/page"}],"author":[{"embeddable":true,"href":"https:\/\/pvprosolar.de\/en\/wp-json\/wp\/v2\/users\/16"}],"replies":[{"embeddable":true,"href":"https:\/\/pvprosolar.de\/en\/wp-json\/wp\/v2\/comments?post=3998"}],"version-history":[{"count":0,"href":"https:\/\/pvprosolar.de\/en\/wp-json\/wp\/v2\/pages\/3998\/revisions"}],"wp:featuredmedia":[{"embeddable":true,"href":"https:\/\/pvprosolar.de\/en\/wp-json\/wp\/v2\/media\/4298"}],"wp:attachment":[{"href":"https:\/\/pvprosolar.de\/en\/wp-json\/wp\/v2\/media?parent=3998"}],"curies":[{"name":"wp","href":"https:\/\/api.w.org\/{rel}","templated":true}]}}