{"id":4112,"date":"2024-10-22T16:45:32","date_gmt":"2024-10-22T14:45:32","guid":{"rendered":"http:\/\/l-pvp.local\/?page_id=4112"},"modified":"2025-09-30T21:53:26","modified_gmt":"2025-09-30T19:53:26","slug":"mikrowechselrichter","status":"publish","type":"page","link":"https:\/\/pvprosolar.de\/en\/mikrowechselrichter\/","title":{"rendered":"Mikrowechselrichter"},"content":{"rendered":"<h1>Mikrowechselrichter<\/h1>\n<h2>Maximierst du Solarenergie mit Flexibilit\u00e4t und Zuverl\u00e4ssigkeit<\/h2>\n<h3>1. Produkt\u00fcbersicht<\/h3>\n<h2>Produkt\u00fcbersicht<\/h2>\n<p>In der Welt der erneuerbaren Energien sind Effizienz, Flexibilit\u00e4t und Zuverl\u00e4ssigkeit von entscheidender Bedeutung. Hier kommen Mikrowechselrichter ins Spiel. Im Gegensatz zu herk\u00f6mmlichen Stringwechselrichtern, die die Leistung mehrerer Solarmodule gemeinsam verwalten, arbeiten Mikrowechselrichter auf der Ebene einzelner Module. Dies bedeutet, dass jedes Modul unabh\u00e4ngig von den Bedingungen, die andere Module beeinflussen, optimal arbeiten kann.<\/p>\n<p>Mikro-Wechselrichter sind besonders bei Installationen von Vorteil, bei denen Verschattung, unterschiedliche Dachwinkel oder unterschiedliche Modulausrichtungen die Leistung beeintr\u00e4chtigen k\u00f6nnten. Sie optimieren die Energieproduktion, indem sie jedem Solarmodul erm\u00f6glichen, unabh\u00e4ngig zu arbeiten. Dies gew\u00e4hrleistet nicht nur eine maximale Energieproduktion, sondern erh\u00f6ht auch die Flexibilit\u00e4t, Skalierbarkeit und Belastbarkeit des Gesamtsystems.<\/p>\n<p>Ganz gleich, ob du eine Solaranlage f\u00fcr Privathaushalte mit einer komplexen Dachkonstruktion planst oder eine gewerbliche Installation mit hoher Skalierbarkeit ben\u00f6tigen: Mikro-Wechselrichter bieten die Leistung und Anpassungsf\u00e4higkeit, die du ben\u00f6tigst. Diese fortschrittlichen Wechselrichter erh\u00f6hen auch die Sicherheit, indem sie die Hochspannungs-Gleichstromleistung in deinem System reduzieren, was sie ideal f\u00fcr moderne Photovoltaikl\u00f6sungen macht.<\/p>\n<p><img decoding=\"async\" title=\"Mikrowechselrichter\" src=\"https:\/\/pvprosolar.de\/wp-content\/uploads\/elementor\/thumbs\/indian-worker-cleaning-solar-panels-2024-02-19-16-31-13-utc-qw12d17k1m1dqwsztwm9pmeogazgbbvkorlpz47k2s.jpg\" alt=\"Mikrowechselrichter\" \/><\/p>\n<h3>Hauptmerkmale<\/h3>\n<h3>Unabh\u00e4ngiger Betrieb jedes Solarmoduls<\/h3>\n<p>Jedes Solarpanel in deinem System ist mit einem eigenen Mikrowechselrichter ausgestattet, der unabh\u00e4ngig von den anderen arbeitet. Dadurch wird sichergestellt, dass ein leistungsschwaches oder im Schatten stehendes Modul die Effizienz des gesamten Systems nicht beeintr\u00e4chtigt.<\/p>\n<h3>Leistungs\u00fcberwachung in Echtzeit<\/h3>\n<p>Unsere Mikrowechselrichter verf\u00fcgen \u00fcber intelligente \u00dcberwachungsfunktionen, die dir Echtzeitdaten \u00fcber die Leistung jedes einzelnen Moduls liefern. Dies gibt dir Einblick in die Funktionsweise deines Systems und erm\u00f6glicht sofortige Anpassungen zur Optimierung der Energieproduktion.<\/p>\n<h3>Erh\u00f6hte Sicherheit<\/h3>\n<p>Einer der Hauptvorteile von Mikrowechselrichtern ist die Reduzierung der Hochspannungsgleichspannung in deinem System. Bei Mikro-Wechselrichtern wird der Gleichstrom direkt am Modul in Wechselstrom umgewandelt, was die Anlagensicherheit erh\u00f6ht und die Brandgefahr verringert.Flexible Installationsoptionen.<br \/>\nMikro-Wechselrichter eignen sich besonders f\u00fcr Installationen mit komplexen Layouts, Verschattungen oder unterschiedlichen Modulausrichtungen. Sie eignen sich perfekt f\u00fcr H\u00e4user mit B\u00e4umen, Schornsteinen oder unregelm\u00e4\u00dfig geformten D\u00e4chern, bei denen einige Paneele zu bestimmten Tageszeiten weniger Sonnenlicht erhalten.<\/p>\n<h2>Skalierbares Systemdesign<\/h2>\n<h5>Planst du, Deine Solaranlage in Zukunft zu erweitern?<\/h5>\n<p>&nbsp;<\/p>\n<p>Mikrowechselrichter erm\u00f6glichen eine einfache Skalierung des Systems. Du kannst weitere Module hinzuf\u00fcgen, ohne sich Gedanken \u00fcber die Kompatibilit\u00e4t oder Leistung des vorhandenen Systems machen zu m\u00fcssen. Optimiert f\u00fcr den pers\u00f6nlichen und kommerziellen Gebrauch.<\/p>\n<p>&nbsp;<\/p>\n<p>Unabh\u00e4ngig davon, ob du Solarmodule in einem Wohnhaus oder einer gro\u00dfen Gewerbefl\u00e4che installierst, bieten Mikro-Wechselrichter die Flexibilit\u00e4t und Effizienz, um dein Energiebedarf zu decken. Durch den unabh\u00e4ngigen Betrieb der Module eignen sie sich besonders f\u00fcr Standorte mit Schatten oder begrenztem Platzangebot.<\/p>\n<h2>Vorteile von Mikrowechselrichtern<\/h2>\n<h3>Maximierter Energieertrag<\/h3>\n<p>Bei herk\u00f6mmlichen String-Wechselrichtern kann die Leistung des gesamten Strings durch das schw\u00e4chste Modul beeintr\u00e4chtigt werden, was h\u00e4ufig zu einer verringerten Energieproduktion f\u00fchrt. Mikro-Wechselrichter beseitigen dieses Problem, indem sie jedes Panel einzeln optimieren, sodass selbst verschattete oder weniger effiziente Panels die Gesamtleistung nicht beeintr\u00e4chtigen. Dies f\u00fchrt insbesondere in komplexen Anlagen zu h\u00f6heren Energieertr\u00e4gen.<\/p>\n<h3>Gr\u00f6\u00dfere Flexibilit\u00e4t bei komplexen Installationen<\/h3>\n<p>F\u00fcr Grundst\u00fccke mit unregelm\u00e4\u00dfigen D\u00e4chern, Schatten durch B\u00e4ume oder nahegelegene Geb\u00e4ude oder Bereiche, die zu unterschiedlichen Tageszeiten unterschiedlich viel Sonnenlicht erhalten, bieten Mikro-Wechselrichter eine \u00fcberlegene L\u00f6sung. Die unabh\u00e4ngige Leistung jedes Moduls erm\u00f6glicht eine flexiblere Platzierung und Ausrichtung, sodass du das System entwerfen kannst , das am besten zu deiner Situation passt.<\/p>\n<h3>Verbesserte Systemzuverl\u00e4ssigkeit<\/h3>\n<p>Mikro-Wechselrichter bieten im Vergleich zu herk\u00f6mmlichen String-Wechselrichtern eine h\u00f6here Zuverl\u00e4ssigkeit. F\u00e4llt ein Modul oder Mikrowechselrichter aus, funktioniert das restliche System normal weiter. Dies minimiert Ausfallzeiten und reduziert den Wartungsaufwand, wodurch eine konsistente Stromversorgung gew\u00e4hrleistet wird.<\/p>\n<h3>Erh\u00f6hte Sicherheit<\/h3>\n<p>Da Mikrowechselrichter Gleichstrom auf Modulebene in Wechselstrom umwandeln, entf\u00e4llt die Notwendigkeit von Hochspannungs-Gleichstromleitungen im gesamten System. Dies reduziert die Brandgefahr erheblich und macht Mikro-Wechselrichter zu einer sichereren Option f\u00fcr private und gewerbliche Installationen.<\/p>\n<h3>Einfache Systemerweiterung<\/h3>\n<p>Wenn du planst, deine Photovoltaikanlage im Laufe der Zeit zu erweitern, erleichtern Mikro-Wechselrichter diesen Prozess. Neue Module k\u00f6nnen hinzugef\u00fcgt werden, ohne die Leistung bestehender Module zu beeintr\u00e4chtigen, was sie ideal f\u00fcr Systeme macht, die im Laufe der Zeit wachsen sollen.<\/p>\n<h3>Erweiterte \u00dcberwachungsoptionen<\/h3>\n<p>Mit erweiterten \u00dcberwachungsfunktionen erm\u00f6glichen Mikrowechselrichter eine individuelle \u00dcberwachung der Leistung jedes Moduls. Dies liefert wertvolle Einblicke in die Leistung deines Systems und kann dir dabei helfen, Probleme wie Verschattung oder Schmutzansammlungen zu erkennen und zu beheben, die die Energieproduktion beeintr\u00e4chtigen k\u00f6nnten.<\/p>\n<p><a href=\"https:\/\/pvprosolar.de\/product\/mikrowechselrichter\/\"><br \/>\nMikrowechselrichter<br \/>\n<\/a><\/p>\n<h2>Beginnst du noch heute mit der Installation<\/p>\n<p>10. H\u00e4ufig gestellte Fragen (FAQs)<\/h2>\n<p><a tabindex=\"0\">Was ist ein Dachmontagesystem und warum brauche ich eines? <\/a><\/p>\n<p>Mithilfe eines Dachmontagesystems werden Solarmodule sicher auf deinem Dach befestigt und f\u00fcr eine optimale Energieproduktion positioniert. Es bietet eine stabile und langlebige Plattform f\u00fcr deine Solarmodule.<\/p>\n<p><a tabindex=\"0\">K\u00f6nnen Dachmontagesysteme auf allen Dachtypen eingesetzt werden? <\/a><\/p>\n<p>Ja, unsere Montagesysteme sind f\u00fcr verschiedene Dachtypen geeignet, darunter Flachd\u00e4cher, Schr\u00e4gd\u00e4cher und Metalld\u00e4cher. Wir bieten ma\u00dfgeschneiderte L\u00f6sungen f\u00fcr jeden Dachtyp.<\/p>\n<p><a tabindex=\"0\">Wie lange dauert die Installation eines Dachmontagesystems?<\/a><\/p>\n<p>Die Installationszeit h\u00e4ngt von der Komplexit\u00e4t des Systems und der Gr\u00f6\u00dfe der Solaranlage ab. Im Durchschnitt kann die Installation einige Stunden bis zu einem Tag dauern. Unsere professionellen Installateure erstellen dir einen Kostenvoranschlag basierend auf deinem spezifischen Anforderungen.<\/p>\n<p><a tabindex=\"0\">Wird das Montagesystem mein Dach besch\u00e4digen? <\/a><\/p>\n<p>Unsere Montagesysteme sind darauf ausgelegt, Dachdurchdringungen zu minimieren und Sch\u00e4den zu verhindern. Die ordnungsgem\u00e4\u00dfe Installation durch einen qualifizierten Fachmann stellt sicher, dass das System sicher installiert wird, ohne die Integrit\u00e4t deines Daches zu beeintr\u00e4chtigen.<\/p>\n<p><a tabindex=\"0\">5. Wie pflege ich mein Dachmontagesystem? <\/a><\/p>\n<p>Zur regelm\u00e4\u00dfigen Wartung geh\u00f6rt die \u00dcberpr\u00fcfung des Systems auf Verschlei\u00df oder Besch\u00e4digungen, die Reinigung der Umgebung und die Durchf\u00fchrung erforderlicher Anpassungen. Befolgst du die Wartungsrichtlinien des Herstellers, um eine optimale Leistung sicherzustellen.<\/p>\n<p><a tabindex=\"0\">Welche Vorteile bietet ein Dachmontagesystem?<\/a><\/p>\n<p>Dachmontagesysteme erm\u00f6glichen eine sichere und effiziente Installation von Solarmodulen, optimieren die Sonneneinstrahlung, erh\u00f6hen die Haltbarkeit und bieten eine kosteng\u00fcnstige L\u00f6sung zur Nutzung von Solarenergie.<\/p>\n<p><a tabindex=\"0\">Wie w\u00e4hle ich das richtige Dachmontagesystem f\u00fcr meine Bed\u00fcrfnisse aus? <\/a><\/p>\n<p>Ber\u00fccksichtigst du Faktoren wie dein Dachtyp, die Paneelkonfiguration, \u00f6rtliche Vorschriften und dein Budget. Die Beratung durch einen Fachmann kann dir bei der Auswahl des f\u00fcr deine spezifischen Anforderungen am besten geeigneten Montagesystems helfen.<\/p>\n<p><a tabindex=\"0\">8. Sind Dachmontagesysteme von der Garantie abgedeckt? <\/a><\/p>\n<p>JA, f\u00fcr unsere Dachmontagesysteme gilt eine Garantie, die Material- und Verarbeitungsfehler abdeckt. Die Garantiezeit kann je nach Produkt und Hersteller variieren.<a href=\"https:\/\/pvprosolar.de\/#funnel-form\"><br \/>\n<\/a><\/p>\n","protected":false},"excerpt":{"rendered":"<p>Mikrowechselrichter Maximierst du Solarenergie mit Flexibilit\u00e4t und Zuverl\u00e4ssigkeit 1. Produkt\u00fcbersicht Produkt\u00fcbersicht In der Welt der erneuerbaren Energien sind Effizienz, Flexibilit\u00e4t und Zuverl\u00e4ssigkeit von entscheidender Bedeutung. Hier kommen Mikrowechselrichter ins Spiel. Im Gegensatz zu herk\u00f6mmlichen Stringwechselrichtern, die die Leistung mehrerer Solarmodule gemeinsam verwalten, arbeiten Mikrowechselrichter auf der Ebene einzelner Module. Dies bedeutet, dass jedes Modul unabh\u00e4ngig&#8230;<\/p>\n","protected":false},"author":16,"featured_media":4317,"parent":0,"menu_order":0,"comment_status":"closed","ping_status":"closed","template":"","meta":{"_kad_blocks_custom_css":"","_kad_blocks_head_custom_js":"","_kad_blocks_body_custom_js":"","_kad_blocks_footer_custom_js":"","postBodyCss":"","postBodyMargin":[],"postBodyPadding":[],"postBodyBackground":{"backgroundType":"classic","gradient":""},"_uf_show_specific_survey":0,"_uf_disable_surveys":false,"_kad_post_transparent":"default","_kad_post_title":"default","_kad_post_layout":"default","_kad_post_sidebar_id":"","_kad_post_content_style":"default","_kad_post_vertical_padding":"default","_kad_post_feature":"","_kad_post_feature_position":"","_kad_post_header":false,"_kad_post_footer":false,"_kad_post_classname":"","footnotes":""},"class_list":["post-4112","page","type-page","status-publish","has-post-thumbnail","hentry"],"yoast_head":"<!-- This site is optimized with the Yoast SEO plugin v27.4 - https:\/\/yoast.com\/product\/yoast-seo-wordpress\/ -->\n<title>Mikrowechselrichter &#183; PVPro Solar \u2013 Dein Photovoltaikanbieter vor Ort in Hannover<\/title>\n<meta name=\"robots\" content=\"index, follow, max-snippet:-1, max-image-preview:large, max-video-preview:-1\" \/>\n<link rel=\"canonical\" href=\"https:\/\/pvprosolar.de\/en\/mikrowechselrichter\/\" \/>\n<meta property=\"og:locale\" content=\"en_US\" \/>\n<meta property=\"og:type\" content=\"article\" \/>\n<meta property=\"og:title\" content=\"Mikrowechselrichter &#183; PVPro Solar \u2013 Dein Photovoltaikanbieter vor Ort in Hannover\" \/>\n<meta property=\"og:description\" content=\"Mikrowechselrichter Maximierst du Solarenergie mit Flexibilit\u00e4t und Zuverl\u00e4ssigkeit 1. Produkt\u00fcbersicht Produkt\u00fcbersicht In der Welt der erneuerbaren Energien sind Effizienz, Flexibilit\u00e4t und Zuverl\u00e4ssigkeit von entscheidender Bedeutung. Hier kommen Mikrowechselrichter ins Spiel. Im Gegensatz zu herk\u00f6mmlichen Stringwechselrichtern, die die Leistung mehrerer Solarmodule gemeinsam verwalten, arbeiten Mikrowechselrichter auf der Ebene einzelner Module. Dies bedeutet, dass jedes Modul unabh\u00e4ngig...\" \/>\n<meta property=\"og:url\" content=\"https:\/\/pvprosolar.de\/en\/mikrowechselrichter\/\" \/>\n<meta property=\"og:site_name\" content=\"PVPro Solar \u2013 Dein Photovoltaikanbieter vor Ort in Hannover\" \/>\n<meta property=\"article:modified_time\" content=\"2025-09-30T19:53:26+00:00\" \/>\n<meta property=\"og:image\" content=\"https:\/\/pvprosolar.de\/wp-content\/uploads\/2024\/10\/solar-panels-on-field-in-summer-aerial-drone-view-2024-04-15-18-28-32-utc-scaled.jpg\" \/>\n\t<meta property=\"og:image:width\" content=\"2560\" \/>\n\t<meta property=\"og:image:height\" content=\"1918\" \/>\n\t<meta property=\"og:image:type\" content=\"image\/jpeg\" \/>\n<meta name=\"twitter:card\" content=\"summary_large_image\" \/>\n<meta name=\"twitter:label1\" content=\"Est. reading time\" \/>\n\t<meta name=\"twitter:data1\" content=\"6 minutes\" \/>\n<script type=\"application\/ld+json\" class=\"yoast-schema-graph\">{\"@context\":\"https:\\\/\\\/schema.org\",\"@graph\":[{\"@type\":\"WebPage\",\"@id\":\"https:\\\/\\\/pvprosolar.de\\\/en\\\/mikrowechselrichter\\\/\",\"url\":\"https:\\\/\\\/pvprosolar.de\\\/en\\\/mikrowechselrichter\\\/\",\"name\":\"Mikrowechselrichter &#183; PVPro Solar \u2013 Dein Photovoltaikanbieter vor Ort in Hannover\",\"isPartOf\":{\"@id\":\"https:\\\/\\\/pvprosolar.de\\\/en\\\/#website\"},\"primaryImageOfPage\":{\"@id\":\"https:\\\/\\\/pvprosolar.de\\\/en\\\/mikrowechselrichter\\\/#primaryimage\"},\"image\":{\"@id\":\"https:\\\/\\\/pvprosolar.de\\\/en\\\/mikrowechselrichter\\\/#primaryimage\"},\"thumbnailUrl\":\"https:\\\/\\\/pvprosolar.de\\\/wp-content\\\/uploads\\\/2024\\\/10\\\/solar-panels-on-field-in-summer-aerial-drone-view-2024-04-15-18-28-32-utc-scaled.jpg\",\"datePublished\":\"2024-10-22T14:45:32+00:00\",\"dateModified\":\"2025-09-30T19:53:26+00:00\",\"breadcrumb\":{\"@id\":\"https:\\\/\\\/pvprosolar.de\\\/en\\\/mikrowechselrichter\\\/#breadcrumb\"},\"inLanguage\":\"en-US\",\"potentialAction\":[{\"@type\":\"ReadAction\",\"target\":[\"https:\\\/\\\/pvprosolar.de\\\/en\\\/mikrowechselrichter\\\/\"]}]},{\"@type\":\"ImageObject\",\"inLanguage\":\"en-US\",\"@id\":\"https:\\\/\\\/pvprosolar.de\\\/en\\\/mikrowechselrichter\\\/#primaryimage\",\"url\":\"https:\\\/\\\/pvprosolar.de\\\/wp-content\\\/uploads\\\/2024\\\/10\\\/solar-panels-on-field-in-summer-aerial-drone-view-2024-04-15-18-28-32-utc-scaled.jpg\",\"contentUrl\":\"https:\\\/\\\/pvprosolar.de\\\/wp-content\\\/uploads\\\/2024\\\/10\\\/solar-panels-on-field-in-summer-aerial-drone-view-2024-04-15-18-28-32-utc-scaled.jpg\",\"width\":2560,\"height\":1918,\"caption\":\"solar-panels-on-field-in-summer-aerial-drone-view\"},{\"@type\":\"BreadcrumbList\",\"@id\":\"https:\\\/\\\/pvprosolar.de\\\/en\\\/mikrowechselrichter\\\/#breadcrumb\",\"itemListElement\":[{\"@type\":\"ListItem\",\"position\":1,\"name\":\"Home\",\"item\":\"https:\\\/\\\/pvprosolar.de\\\/en\\\/\"},{\"@type\":\"ListItem\",\"position\":2,\"name\":\"Mikrowechselrichter\"}]},{\"@type\":\"WebSite\",\"@id\":\"https:\\\/\\\/pvprosolar.de\\\/en\\\/#website\",\"url\":\"https:\\\/\\\/pvprosolar.de\\\/en\\\/\",\"name\":\"PVPro Solar GmbH\",\"description\":\"Photovoltaik, Speicher, Wallbox | Aus Hannover f\u00fcr die Region\",\"publisher\":{\"@id\":\"https:\\\/\\\/pvprosolar.de\\\/en\\\/#organization\"},\"potentialAction\":[{\"@type\":\"SearchAction\",\"target\":{\"@type\":\"EntryPoint\",\"urlTemplate\":\"https:\\\/\\\/pvprosolar.de\\\/en\\\/?s={search_term_string}\"},\"query-input\":{\"@type\":\"PropertyValueSpecification\",\"valueRequired\":true,\"valueName\":\"search_term_string\"}}],\"inLanguage\":\"en-US\"},{\"@type\":\"Organization\",\"@id\":\"https:\\\/\\\/pvprosolar.de\\\/en\\\/#organization\",\"name\":\"PVPro Solar\",\"url\":\"https:\\\/\\\/pvprosolar.de\\\/en\\\/\",\"logo\":{\"@type\":\"ImageObject\",\"inLanguage\":\"en-US\",\"@id\":\"https:\\\/\\\/pvprosolar.de\\\/en\\\/#\\\/schema\\\/logo\\\/image\\\/\",\"url\":\"https:\\\/\\\/pvprosolar.de\\\/wp-content\\\/uploads\\\/2025\\\/12\\\/pvpro-design.png\",\"contentUrl\":\"https:\\\/\\\/pvprosolar.de\\\/wp-content\\\/uploads\\\/2025\\\/12\\\/pvpro-design.png\",\"width\":500,\"height\":500,\"caption\":\"PVPro Solar\"},\"image\":{\"@id\":\"https:\\\/\\\/pvprosolar.de\\\/en\\\/#\\\/schema\\\/logo\\\/image\\\/\"}}]}<\/script>\n<!-- \/ Yoast SEO plugin. -->","yoast_head_json":{"title":"Mikrowechselrichter &#183; PVPro Solar \u2013 Dein Photovoltaikanbieter vor Ort in Hannover","robots":{"index":"index","follow":"follow","max-snippet":"max-snippet:-1","max-image-preview":"max-image-preview:large","max-video-preview":"max-video-preview:-1"},"canonical":"https:\/\/pvprosolar.de\/en\/mikrowechselrichter\/","og_locale":"en_US","og_type":"article","og_title":"Mikrowechselrichter &#183; PVPro Solar \u2013 Dein Photovoltaikanbieter vor Ort in Hannover","og_description":"Mikrowechselrichter Maximierst du Solarenergie mit Flexibilit\u00e4t und Zuverl\u00e4ssigkeit 1. Produkt\u00fcbersicht Produkt\u00fcbersicht In der Welt der erneuerbaren Energien sind Effizienz, Flexibilit\u00e4t und Zuverl\u00e4ssigkeit von entscheidender Bedeutung. Hier kommen Mikrowechselrichter ins Spiel. Im Gegensatz zu herk\u00f6mmlichen Stringwechselrichtern, die die Leistung mehrerer Solarmodule gemeinsam verwalten, arbeiten Mikrowechselrichter auf der Ebene einzelner Module. Dies bedeutet, dass jedes Modul unabh\u00e4ngig...","og_url":"https:\/\/pvprosolar.de\/en\/mikrowechselrichter\/","og_site_name":"PVPro Solar \u2013 Dein Photovoltaikanbieter vor Ort in Hannover","article_modified_time":"2025-09-30T19:53:26+00:00","og_image":[{"width":2560,"height":1918,"url":"https:\/\/pvprosolar.de\/wp-content\/uploads\/2024\/10\/solar-panels-on-field-in-summer-aerial-drone-view-2024-04-15-18-28-32-utc-scaled.jpg","type":"image\/jpeg"}],"twitter_card":"summary_large_image","twitter_misc":{"Est. reading time":"6 minutes"},"schema":{"@context":"https:\/\/schema.org","@graph":[{"@type":"WebPage","@id":"https:\/\/pvprosolar.de\/en\/mikrowechselrichter\/","url":"https:\/\/pvprosolar.de\/en\/mikrowechselrichter\/","name":"Mikrowechselrichter &#183; PVPro Solar \u2013 Dein Photovoltaikanbieter vor Ort in Hannover","isPartOf":{"@id":"https:\/\/pvprosolar.de\/en\/#website"},"primaryImageOfPage":{"@id":"https:\/\/pvprosolar.de\/en\/mikrowechselrichter\/#primaryimage"},"image":{"@id":"https:\/\/pvprosolar.de\/en\/mikrowechselrichter\/#primaryimage"},"thumbnailUrl":"https:\/\/pvprosolar.de\/wp-content\/uploads\/2024\/10\/solar-panels-on-field-in-summer-aerial-drone-view-2024-04-15-18-28-32-utc-scaled.jpg","datePublished":"2024-10-22T14:45:32+00:00","dateModified":"2025-09-30T19:53:26+00:00","breadcrumb":{"@id":"https:\/\/pvprosolar.de\/en\/mikrowechselrichter\/#breadcrumb"},"inLanguage":"en-US","potentialAction":[{"@type":"ReadAction","target":["https:\/\/pvprosolar.de\/en\/mikrowechselrichter\/"]}]},{"@type":"ImageObject","inLanguage":"en-US","@id":"https:\/\/pvprosolar.de\/en\/mikrowechselrichter\/#primaryimage","url":"https:\/\/pvprosolar.de\/wp-content\/uploads\/2024\/10\/solar-panels-on-field-in-summer-aerial-drone-view-2024-04-15-18-28-32-utc-scaled.jpg","contentUrl":"https:\/\/pvprosolar.de\/wp-content\/uploads\/2024\/10\/solar-panels-on-field-in-summer-aerial-drone-view-2024-04-15-18-28-32-utc-scaled.jpg","width":2560,"height":1918,"caption":"solar-panels-on-field-in-summer-aerial-drone-view"},{"@type":"BreadcrumbList","@id":"https:\/\/pvprosolar.de\/en\/mikrowechselrichter\/#breadcrumb","itemListElement":[{"@type":"ListItem","position":1,"name":"Home","item":"https:\/\/pvprosolar.de\/en\/"},{"@type":"ListItem","position":2,"name":"Mikrowechselrichter"}]},{"@type":"WebSite","@id":"https:\/\/pvprosolar.de\/en\/#website","url":"https:\/\/pvprosolar.de\/en\/","name":"PVPro Solar GmbH","description":"Photovoltaik, Speicher, Wallbox | Aus Hannover f\u00fcr die Region","publisher":{"@id":"https:\/\/pvprosolar.de\/en\/#organization"},"potentialAction":[{"@type":"SearchAction","target":{"@type":"EntryPoint","urlTemplate":"https:\/\/pvprosolar.de\/en\/?s={search_term_string}"},"query-input":{"@type":"PropertyValueSpecification","valueRequired":true,"valueName":"search_term_string"}}],"inLanguage":"en-US"},{"@type":"Organization","@id":"https:\/\/pvprosolar.de\/en\/#organization","name":"PVPro Solar","url":"https:\/\/pvprosolar.de\/en\/","logo":{"@type":"ImageObject","inLanguage":"en-US","@id":"https:\/\/pvprosolar.de\/en\/#\/schema\/logo\/image\/","url":"https:\/\/pvprosolar.de\/wp-content\/uploads\/2025\/12\/pvpro-design.png","contentUrl":"https:\/\/pvprosolar.de\/wp-content\/uploads\/2025\/12\/pvpro-design.png","width":500,"height":500,"caption":"PVPro Solar"},"image":{"@id":"https:\/\/pvprosolar.de\/en\/#\/schema\/logo\/image\/"}}]}},"taxonomy_info":[],"featured_image_src_large":["https:\/\/pvprosolar.de\/wp-content\/uploads\/2024\/10\/solar-panels-on-field-in-summer-aerial-drone-view-2024-04-15-18-28-32-utc-1024x767.jpg",1024,767,true],"author_info":{"display_name":"kh","author_link":"https:\/\/pvprosolar.de\/en\/author\/kj\/"},"comment_info":0,"_links":{"self":[{"href":"https:\/\/pvprosolar.de\/en\/wp-json\/wp\/v2\/pages\/4112","targetHints":{"allow":["GET"]}}],"collection":[{"href":"https:\/\/pvprosolar.de\/en\/wp-json\/wp\/v2\/pages"}],"about":[{"href":"https:\/\/pvprosolar.de\/en\/wp-json\/wp\/v2\/types\/page"}],"author":[{"embeddable":true,"href":"https:\/\/pvprosolar.de\/en\/wp-json\/wp\/v2\/users\/16"}],"replies":[{"embeddable":true,"href":"https:\/\/pvprosolar.de\/en\/wp-json\/wp\/v2\/comments?post=4112"}],"version-history":[{"count":1,"href":"https:\/\/pvprosolar.de\/en\/wp-json\/wp\/v2\/pages\/4112\/revisions"}],"predecessor-version":[{"id":12361,"href":"https:\/\/pvprosolar.de\/en\/wp-json\/wp\/v2\/pages\/4112\/revisions\/12361"}],"wp:featuredmedia":[{"embeddable":true,"href":"https:\/\/pvprosolar.de\/en\/wp-json\/wp\/v2\/media\/4317"}],"wp:attachment":[{"href":"https:\/\/pvprosolar.de\/en\/wp-json\/wp\/v2\/media?parent=4112"}],"curies":[{"name":"wp","href":"https:\/\/api.w.org\/{rel}","templated":true}]}}