{"id":597,"date":"2024-07-06T10:41:07","date_gmt":"2024-07-06T08:41:07","guid":{"rendered":"http:\/\/l-pvp.local\/?page_id=597"},"modified":"2025-10-03T13:38:31","modified_gmt":"2025-10-03T11:38:31","slug":"impressum","status":"publish","type":"page","link":"https:\/\/pvprosolar.de\/en\/impressum\/","title":{"rendered":"Impressum"},"content":{"rendered":"<p><img loading=\"lazy\" decoding=\"async\" src=\"https:\/\/pvprosolar.de\/wp-content\/uploads\/2024\/07\/Untitled-design-2024-07-06T111255.266.png\" sizes=\"auto, (max-width: 500px) 100vw, 500px\" srcset=\"https:\/\/pvprosolar.de\/wp-content\/uploads\/2024\/07\/Untitled-design-2024-07-06T111255.266.png 500w, https:\/\/pvprosolar.de\/wp-content\/uploads\/2024\/07\/Untitled-design-2024-07-06T111255.266-300x300.png 300w, https:\/\/pvprosolar.de\/wp-content\/uploads\/2024\/07\/Untitled-design-2024-07-06T111255.266-100x100.png 100w, https:\/\/pvprosolar.de\/wp-content\/uploads\/2024\/07\/Untitled-design-2024-07-06T111255.266-150x150.png 150w\" alt=\"Nachhaltig, zuverl\u00e4ssig, erschwinglich Solarenergie hol Dir jetzt Deine kostenlose Beratung\" width=\"500\" height=\"500\" \/><\/p>\n<h2>Impressum<\/h2>\n<div class=\"et_pb_module et_pb_text et_pb_text_1 et_pb_text_align_left et_pb_bg_layout_light\">\n<div class=\"et_pb_text_inner\">\n<h2 id=\"Angabengem\u00e4\u00df5TMG\"><strong data-start=\"86\" data-end=\"112\">Angaben gem\u00e4\u00df \u00a7 5 TMG:<\/strong><\/h2>\n<\/div>\n<\/div>\n<div class=\"et_pb_module et_pb_text et_pb_text_2 et_pb_text_align_left et_pb_bg_layout_light\">\n<div class=\"et_pb_text_inner\">\n<p data-start=\"86\" data-end=\"352\">Die <strong data-start=\"127\" data-end=\"147\">PVPro Solar GmbH<\/strong> stellt diese Webseite zur Verf\u00fcgung.<br data-start=\"184\" data-end=\"187\" \/>Alle dargestellten Produkte und Vertragsleistungen sind Angebote der jeweiligen Anbieter, die diese Produkte und Leistungen eigenverantwortlich vertreiben.<\/p>\n<\/div>\n<\/div>\n<p>PVPro Solar GmbH<br \/>\nEichstra\u00dfe51,<br \/>\n30161 Hannover<\/p>\n<p>Handelsregister:\u00a0HRB 227934<br \/>\nRegistergericht:\u00a0Hannover<br \/>\nVertreten durch:<br \/>\nGesch\u00e4ftsf\u00fchrer Volker B\u00fcnger<\/p>\n<p>Kontaktnummer:<br \/>\n05113360603<\/p>\n<p>E-Mail: Hallo@pvprosolar.de<\/p>\n<p>Umsatzsteuer-ID:\u00a0DE361555471<\/p>\n<p>Die Inhalte dieser Website wurden mit gr\u00f6\u00dfter Sorgfalt zusammengestellt und unterliegen nach dieser Ma\u00dfgabe der st\u00e4ndigen Erweiterung. Wir \u00fcbernehmen jedoch keine Gew\u00e4hr f\u00fcr die Richtigkeit, Vollst\u00e4ndigkeit und Aktualit\u00e4t der Inhalte. Eine Haftung f\u00fcr Sch\u00e4den, die direkt oder indirekt aus der Benutzung dieser Seiten entstehen, wird, soweit sie nicht durch Vorsatz oder Fahrl\u00e4ssigkeit verursacht werden, ausgeschlossen.<\/p>\n<h4>Haftung f\u00fcr externe Links<\/h4>\n<p>Diese Website enth\u00e4lt Verkn\u00fcpfungen zu externen Webseiten Dritter. F\u00fcr die Inhalte dieser Seiten \u00fcbernehmen wir keine Gew\u00e4hr, da wir keinerlei Einfluss auf diese haben. F\u00fcr die Inhalte der verlinkten Seiten ist der jeweilige Anbieter oder Betreiber der Seiten verantwortlich. Bei der erstmaligen Verkn\u00fcpfung wurden die verlinkten Seiten auf Rechtsverst\u00f6\u00dfe hin \u00fcberpr\u00fcft. Zu diesem Zeitpunkt waren keinerlei Verst\u00f6\u00dfe ersichtlich. Auf die aktuelle und zuk\u00fcnftige Gestaltung der Seiten haben wir keinen Einfluss. Wird uns ein Rechtsversto\u00df bekannt, werden wir derartige Links unverz\u00fcglich l\u00f6schen. Eine permanente inhaltliche Kontrolle ist jedoch ohne konkrete Anhaltspunkte f\u00fcr das Vorliegen eines Rechtsversto\u00dfes nicht zumutbar.<\/p>\n<h4>Urheberrechte<\/h4>\n<section>Die auf dieser Website durch den Seitenbetreiber ver\u00f6ffentlichten Inhalte und Werke unterliegen dem deutschen Urheberrecht. Beitr\u00e4ge Dritter sind als solche gekennzeichnet. Jede vom deutschen Urheberrecht nicht zugelassene Verwertung bedarf der vorherigen schriftlichen Zustimmung des Anbieters oder jeweiligen Rechteinhabers. Damit bed\u00fcrfen Vervielf\u00e4ltigung, Bearbeitung, \u00dcbersetzung, Einspeicherung, Verbreitung und jede Art der Verwertung au\u00dferhalb der Grenzen des Urheberrechtes der schriftlichen Zustimmung des Erstellers. Downloads und Kopien dieser Seite sind nur f\u00fcr den privaten, nicht kommerziellen Gebrauch gestattet.<\/section>\n","protected":false},"excerpt":{"rendered":"<p>Impressum Angaben gem\u00e4\u00df \u00a7 5 TMG: Die PVPro Solar GmbH stellt diese Webseite zur Verf\u00fcgung.Alle dargestellten Produkte und Vertragsleistungen sind Angebote der jeweiligen Anbieter, die diese Produkte und Leistungen eigenverantwortlich vertreiben. PVPro Solar GmbH Eichstra\u00dfe51, 30161 Hannover Handelsregister:\u00a0HRB 227934 Registergericht:\u00a0Hannover Vertreten durch: Gesch\u00e4ftsf\u00fchrer Volker B\u00fcnger Kontaktnummer: 05113360603 E-Mail: Hallo@pvprosolar.de Umsatzsteuer-ID:\u00a0DE361555471 Die Inhalte dieser Website wurden&#8230;<\/p>\n","protected":false},"author":16,"featured_media":0,"parent":0,"menu_order":0,"comment_status":"closed","ping_status":"closed","template":"","meta":{"_kad_blocks_custom_css":"","_kad_blocks_head_custom_js":"","_kad_blocks_body_custom_js":"","_kad_blocks_footer_custom_js":"","postBodyCss":"","postBodyMargin":[],"postBodyPadding":[],"postBodyBackground":{"backgroundType":"classic","gradient":""},"_uf_show_specific_survey":0,"_uf_disable_surveys":false,"_kad_post_transparent":"default","_kad_post_title":"default","_kad_post_layout":"default","_kad_post_sidebar_id":"","_kad_post_content_style":"default","_kad_post_vertical_padding":"default","_kad_post_feature":"","_kad_post_feature_position":"","_kad_post_header":false,"_kad_post_footer":false,"_kad_post_classname":"","footnotes":""},"class_list":["post-597","page","type-page","status-publish","hentry"],"yoast_head":"<!-- This site is optimized with the Yoast SEO plugin v27.4 - https:\/\/yoast.com\/product\/yoast-seo-wordpress\/ -->\n<title>Impressum &#183; PVPro Solar \u2013 Dein Photovoltaikanbieter vor Ort in Hannover<\/title>\n<meta name=\"robots\" content=\"index, follow, max-snippet:-1, max-image-preview:large, max-video-preview:-1\" \/>\n<link rel=\"canonical\" href=\"https:\/\/pvprosolar.de\/en\/impressum\/\" \/>\n<meta property=\"og:locale\" content=\"en_US\" \/>\n<meta property=\"og:type\" content=\"article\" \/>\n<meta property=\"og:title\" content=\"Impressum &#183; PVPro Solar \u2013 Dein Photovoltaikanbieter vor Ort in Hannover\" \/>\n<meta property=\"og:description\" content=\"Impressum Angaben gem\u00e4\u00df \u00a7 5 TMG: Die PVPro Solar GmbH stellt diese Webseite zur Verf\u00fcgung.Alle dargestellten Produkte und Vertragsleistungen sind Angebote der jeweiligen Anbieter, die diese Produkte und Leistungen eigenverantwortlich vertreiben. PVPro Solar GmbH Eichstra\u00dfe51, 30161 Hannover Handelsregister:\u00a0HRB 227934 Registergericht:\u00a0Hannover Vertreten durch: Gesch\u00e4ftsf\u00fchrer Volker B\u00fcnger Kontaktnummer: 05113360603 E-Mail: Hallo@pvprosolar.de Umsatzsteuer-ID:\u00a0DE361555471 Die Inhalte dieser Website wurden...\" \/>\n<meta property=\"og:url\" content=\"https:\/\/pvprosolar.de\/en\/impressum\/\" \/>\n<meta property=\"og:site_name\" content=\"PVPro Solar \u2013 Dein Photovoltaikanbieter vor Ort in Hannover\" \/>\n<meta property=\"article:modified_time\" content=\"2025-10-03T11:38:31+00:00\" \/>\n<meta property=\"og:image\" content=\"https:\/\/pvprosolar.de\/wp-content\/uploads\/2024\/07\/Untitled-design-2024-07-06T111255.266.png\" \/>\n<meta name=\"twitter:card\" content=\"summary_large_image\" \/>\n<meta name=\"twitter:label1\" content=\"Est. reading time\" \/>\n\t<meta name=\"twitter:data1\" content=\"2 minutes\" \/>\n<script type=\"application\/ld+json\" class=\"yoast-schema-graph\">{\"@context\":\"https:\\\/\\\/schema.org\",\"@graph\":[{\"@type\":\"WebPage\",\"@id\":\"https:\\\/\\\/pvprosolar.de\\\/en\\\/impressum\\\/\",\"url\":\"https:\\\/\\\/pvprosolar.de\\\/en\\\/impressum\\\/\",\"name\":\"Impressum &#183; PVPro Solar \u2013 Dein Photovoltaikanbieter vor Ort in Hannover\",\"isPartOf\":{\"@id\":\"https:\\\/\\\/pvprosolar.de\\\/en\\\/#website\"},\"primaryImageOfPage\":{\"@id\":\"https:\\\/\\\/pvprosolar.de\\\/en\\\/impressum\\\/#primaryimage\"},\"image\":{\"@id\":\"https:\\\/\\\/pvprosolar.de\\\/en\\\/impressum\\\/#primaryimage\"},\"thumbnailUrl\":\"https:\\\/\\\/pvprosolar.de\\\/wp-content\\\/uploads\\\/2024\\\/07\\\/Untitled-design-2024-07-06T111255.266.png\",\"datePublished\":\"2024-07-06T08:41:07+00:00\",\"dateModified\":\"2025-10-03T11:38:31+00:00\",\"breadcrumb\":{\"@id\":\"https:\\\/\\\/pvprosolar.de\\\/en\\\/impressum\\\/#breadcrumb\"},\"inLanguage\":\"en-US\",\"potentialAction\":[{\"@type\":\"ReadAction\",\"target\":[\"https:\\\/\\\/pvprosolar.de\\\/en\\\/impressum\\\/\"]}]},{\"@type\":\"ImageObject\",\"inLanguage\":\"en-US\",\"@id\":\"https:\\\/\\\/pvprosolar.de\\\/en\\\/impressum\\\/#primaryimage\",\"url\":\"https:\\\/\\\/pvprosolar.de\\\/wp-content\\\/uploads\\\/2024\\\/07\\\/Untitled-design-2024-07-06T111255.266.png\",\"contentUrl\":\"https:\\\/\\\/pvprosolar.de\\\/wp-content\\\/uploads\\\/2024\\\/07\\\/Untitled-design-2024-07-06T111255.266.png\"},{\"@type\":\"BreadcrumbList\",\"@id\":\"https:\\\/\\\/pvprosolar.de\\\/en\\\/impressum\\\/#breadcrumb\",\"itemListElement\":[{\"@type\":\"ListItem\",\"position\":1,\"name\":\"Home\",\"item\":\"https:\\\/\\\/pvprosolar.de\\\/en\\\/\"},{\"@type\":\"ListItem\",\"position\":2,\"name\":\"Impressum\"}]},{\"@type\":\"WebSite\",\"@id\":\"https:\\\/\\\/pvprosolar.de\\\/en\\\/#website\",\"url\":\"https:\\\/\\\/pvprosolar.de\\\/en\\\/\",\"name\":\"PVPro Solar GmbH\",\"description\":\"Photovoltaik, Speicher, Wallbox | Aus Hannover f\u00fcr die Region\",\"publisher\":{\"@id\":\"https:\\\/\\\/pvprosolar.de\\\/en\\\/#organization\"},\"potentialAction\":[{\"@type\":\"SearchAction\",\"target\":{\"@type\":\"EntryPoint\",\"urlTemplate\":\"https:\\\/\\\/pvprosolar.de\\\/en\\\/?s={search_term_string}\"},\"query-input\":{\"@type\":\"PropertyValueSpecification\",\"valueRequired\":true,\"valueName\":\"search_term_string\"}}],\"inLanguage\":\"en-US\"},{\"@type\":\"Organization\",\"@id\":\"https:\\\/\\\/pvprosolar.de\\\/en\\\/#organization\",\"name\":\"PVPro Solar\",\"url\":\"https:\\\/\\\/pvprosolar.de\\\/en\\\/\",\"logo\":{\"@type\":\"ImageObject\",\"inLanguage\":\"en-US\",\"@id\":\"https:\\\/\\\/pvprosolar.de\\\/en\\\/#\\\/schema\\\/logo\\\/image\\\/\",\"url\":\"https:\\\/\\\/pvprosolar.de\\\/wp-content\\\/uploads\\\/2025\\\/12\\\/pvpro-design.png\",\"contentUrl\":\"https:\\\/\\\/pvprosolar.de\\\/wp-content\\\/uploads\\\/2025\\\/12\\\/pvpro-design.png\",\"width\":500,\"height\":500,\"caption\":\"PVPro Solar\"},\"image\":{\"@id\":\"https:\\\/\\\/pvprosolar.de\\\/en\\\/#\\\/schema\\\/logo\\\/image\\\/\"}}]}<\/script>\n<!-- \/ Yoast SEO plugin. -->","yoast_head_json":{"title":"Impressum &#183; PVPro Solar \u2013 Dein Photovoltaikanbieter vor Ort in Hannover","robots":{"index":"index","follow":"follow","max-snippet":"max-snippet:-1","max-image-preview":"max-image-preview:large","max-video-preview":"max-video-preview:-1"},"canonical":"https:\/\/pvprosolar.de\/en\/impressum\/","og_locale":"en_US","og_type":"article","og_title":"Impressum &#183; PVPro Solar \u2013 Dein Photovoltaikanbieter vor Ort in Hannover","og_description":"Impressum Angaben gem\u00e4\u00df \u00a7 5 TMG: Die PVPro Solar GmbH stellt diese Webseite zur Verf\u00fcgung.Alle dargestellten Produkte und Vertragsleistungen sind Angebote der jeweiligen Anbieter, die diese Produkte und Leistungen eigenverantwortlich vertreiben. PVPro Solar GmbH Eichstra\u00dfe51, 30161 Hannover Handelsregister:\u00a0HRB 227934 Registergericht:\u00a0Hannover Vertreten durch: Gesch\u00e4ftsf\u00fchrer Volker B\u00fcnger Kontaktnummer: 05113360603 E-Mail: Hallo@pvprosolar.de Umsatzsteuer-ID:\u00a0DE361555471 Die Inhalte dieser Website wurden...","og_url":"https:\/\/pvprosolar.de\/en\/impressum\/","og_site_name":"PVPro Solar \u2013 Dein Photovoltaikanbieter vor Ort in Hannover","article_modified_time":"2025-10-03T11:38:31+00:00","og_image":[{"url":"https:\/\/pvprosolar.de\/wp-content\/uploads\/2024\/07\/Untitled-design-2024-07-06T111255.266.png","type":"","width":"","height":""}],"twitter_card":"summary_large_image","twitter_misc":{"Est. reading time":"2 minutes"},"schema":{"@context":"https:\/\/schema.org","@graph":[{"@type":"WebPage","@id":"https:\/\/pvprosolar.de\/en\/impressum\/","url":"https:\/\/pvprosolar.de\/en\/impressum\/","name":"Impressum &#183; PVPro Solar \u2013 Dein Photovoltaikanbieter vor Ort in Hannover","isPartOf":{"@id":"https:\/\/pvprosolar.de\/en\/#website"},"primaryImageOfPage":{"@id":"https:\/\/pvprosolar.de\/en\/impressum\/#primaryimage"},"image":{"@id":"https:\/\/pvprosolar.de\/en\/impressum\/#primaryimage"},"thumbnailUrl":"https:\/\/pvprosolar.de\/wp-content\/uploads\/2024\/07\/Untitled-design-2024-07-06T111255.266.png","datePublished":"2024-07-06T08:41:07+00:00","dateModified":"2025-10-03T11:38:31+00:00","breadcrumb":{"@id":"https:\/\/pvprosolar.de\/en\/impressum\/#breadcrumb"},"inLanguage":"en-US","potentialAction":[{"@type":"ReadAction","target":["https:\/\/pvprosolar.de\/en\/impressum\/"]}]},{"@type":"ImageObject","inLanguage":"en-US","@id":"https:\/\/pvprosolar.de\/en\/impressum\/#primaryimage","url":"https:\/\/pvprosolar.de\/wp-content\/uploads\/2024\/07\/Untitled-design-2024-07-06T111255.266.png","contentUrl":"https:\/\/pvprosolar.de\/wp-content\/uploads\/2024\/07\/Untitled-design-2024-07-06T111255.266.png"},{"@type":"BreadcrumbList","@id":"https:\/\/pvprosolar.de\/en\/impressum\/#breadcrumb","itemListElement":[{"@type":"ListItem","position":1,"name":"Home","item":"https:\/\/pvprosolar.de\/en\/"},{"@type":"ListItem","position":2,"name":"Impressum"}]},{"@type":"WebSite","@id":"https:\/\/pvprosolar.de\/en\/#website","url":"https:\/\/pvprosolar.de\/en\/","name":"PVPro Solar GmbH","description":"Photovoltaik, Speicher, Wallbox | Aus Hannover f\u00fcr die Region","publisher":{"@id":"https:\/\/pvprosolar.de\/en\/#organization"},"potentialAction":[{"@type":"SearchAction","target":{"@type":"EntryPoint","urlTemplate":"https:\/\/pvprosolar.de\/en\/?s={search_term_string}"},"query-input":{"@type":"PropertyValueSpecification","valueRequired":true,"valueName":"search_term_string"}}],"inLanguage":"en-US"},{"@type":"Organization","@id":"https:\/\/pvprosolar.de\/en\/#organization","name":"PVPro Solar","url":"https:\/\/pvprosolar.de\/en\/","logo":{"@type":"ImageObject","inLanguage":"en-US","@id":"https:\/\/pvprosolar.de\/en\/#\/schema\/logo\/image\/","url":"https:\/\/pvprosolar.de\/wp-content\/uploads\/2025\/12\/pvpro-design.png","contentUrl":"https:\/\/pvprosolar.de\/wp-content\/uploads\/2025\/12\/pvpro-design.png","width":500,"height":500,"caption":"PVPro Solar"},"image":{"@id":"https:\/\/pvprosolar.de\/en\/#\/schema\/logo\/image\/"}}]}},"taxonomy_info":[],"featured_image_src_large":false,"author_info":{"display_name":"kh","author_link":"https:\/\/pvprosolar.de\/en\/author\/kj\/"},"comment_info":0,"_links":{"self":[{"href":"https:\/\/pvprosolar.de\/en\/wp-json\/wp\/v2\/pages\/597","targetHints":{"allow":["GET"]}}],"collection":[{"href":"https:\/\/pvprosolar.de\/en\/wp-json\/wp\/v2\/pages"}],"about":[{"href":"https:\/\/pvprosolar.de\/en\/wp-json\/wp\/v2\/types\/page"}],"author":[{"embeddable":true,"href":"https:\/\/pvprosolar.de\/en\/wp-json\/wp\/v2\/users\/16"}],"replies":[{"embeddable":true,"href":"https:\/\/pvprosolar.de\/en\/wp-json\/wp\/v2\/comments?post=597"}],"version-history":[{"count":3,"href":"https:\/\/pvprosolar.de\/en\/wp-json\/wp\/v2\/pages\/597\/revisions"}],"predecessor-version":[{"id":12362,"href":"https:\/\/pvprosolar.de\/en\/wp-json\/wp\/v2\/pages\/597\/revisions\/12362"}],"wp:attachment":[{"href":"https:\/\/pvprosolar.de\/en\/wp-json\/wp\/v2\/media?parent=597"}],"curies":[{"name":"wp","href":"https:\/\/api.w.org\/{rel}","templated":true}]}}