{"id":603,"date":"2024-07-06T10:46:43","date_gmt":"2024-07-06T08:46:43","guid":{"rendered":"http:\/\/l-pvp.local\/?page_id=603"},"modified":"2025-09-18T03:06:11","modified_gmt":"2025-09-18T01:06:11","slug":"agb","status":"publish","type":"page","link":"https:\/\/pvprosolar.de\/en\/agb\/","title":{"rendered":"AGB"},"content":{"rendered":"<section id=\"agb\">\n<h1>Allgemeine Gesch\u00e4ftsbedingungen (AGB)<\/h1>\n<p><strong>PVPro Solar GmbH<\/strong>, Eichstra\u00dfe51 30161 Hannover, Handelsregister: HRB 227934, USt\u2011IdNr.: DE361555471, E\u2011Mail: <a href=\"mailto:Hallo@pvprosolar.de\">Hallo@pvprosolar.de<\/a><\/p>\n<p><em>Stand: 03.09.2024<\/em><\/p>\n<nav aria-label=\"AGB Inhaltsverzeichnis\">\n<ol>\n<li><a href=\"#1-geltungsbereich\">Geltungsbereich, Begriffsbestimmungen<\/a><\/li>\n<li><a href=\"#2-vertragsgegenstand\">Vertragsgegenstand, Unterlagen, Prognosen<\/a><\/li>\n<li><a href=\"#3-vertragsschluss\">Vertragsschluss<\/a><\/li>\n<li><a href=\"#4-mitwirkung\">Mitwirkungspflichten des Kunden, Verfahren<\/a><\/li>\n<li><a href=\"#5-preise-zahlung\">Preise, Steuern, Zahlungsbedingungen, Aufrechnung<\/a><\/li>\n<li><a href=\"#6-lieferung\">Lieferung, Termine, Selbstbelieferung, H\u00f6here Gewalt<\/a><\/li>\n<li><a href=\"#7-abnahme-gefahr\">Abnahme, Gefahr\u00fcbergang, Eigentums\u00fcbergang<\/a><\/li>\n<li><a href=\"#8-eigentumsvorbehalt\">Eigentumsvorbehalt (erweitert)<\/a><\/li>\n<li><a href=\"#9-gewaehrleistung\">Gew\u00e4hrleistung (Sach- und Rechtsm\u00e4ngel)<\/a><\/li>\n<li><a href=\"#10-haftung\">Haftung<\/a><\/li>\n<li><a href=\"#11-widerruf\">Widerrufsrecht f\u00fcr Verbraucher, freiwilliges R\u00fcckgaberecht<\/a><\/li>\n<li><a href=\"#12-servicegarantie\">Freiwillige Servicegarantie (Privatkunden)<\/a><\/li>\n<li><a href=\"#13-datenschutz\">Datenschutz (DSGVO)<\/a><\/li>\n<li><a href=\"#14-ip-software\">Geistiges Eigentum, Software\/Monitoring<\/a><\/li>\n<li><a href=\"#15-streit\">Verbraucherstreitbeilegung \/ OS\u2011Plattform<\/a><\/li>\n<li><a href=\"#16-schluss\">Schlussbestimmungen, Rechtswahl, Gerichtsstand, Textform<\/a><\/li>\n<li><a href=\"#anlage-widerruf\">Anlage 1: Muster\u2011Widerrufsformular<\/a><\/li>\n<\/ol>\n<\/nav>\n<h2 id=\"1-geltungsbereich\">1. Geltungsbereich, Begriffsbestimmungen<\/h2>\n<p>Diese AGB gelten f\u00fcr Vertr\u00e4ge \u00fcber Verkauf, Lieferung und\/oder Planung, Montage und Inbetriebnahme von Photovoltaik\u2011Anlagen, Komponenten (Module, Wechselrichter, Speicher), Zubeh\u00f6r (z.\u202fB. Wallbox) sowie damit verbundenen Dienstleistungen zwischen der <strong>PVPro Solar GmbH<\/strong> (\u201ePVPro\u201c\/\u201ewir\u201c) und ihren Kunden.<\/p>\n<p>Kunde ist Verbraucher i.\u202fS.\u202fv. \u00a7\u202f13 BGB oder Unternehmer i.\u202fS.\u202fv. \u00a7\u202f14 BGB. Abweichende AGB des Kunden gelten nur bei ausdr\u00fccklicher Zustimmung in Textform.<\/p>\n<p>Rechtserhebliche Erkl\u00e4rungen\/Anzeige des Kunden (z.\u202fB. Fristsetzung, M\u00e4ngelanzeige, R\u00fccktritt, Minderung) bed\u00fcrfen mindestens der Textform, sofern gesetzlich keine strengere Form gilt.<\/p>\n<h2 id=\"2-vertragsgegenstand\">2. Vertragsgegenstand, Unterlagen, Prognosen<\/h2>\n<p>Leistungsumfang und Spezifikationen ergeben sich aus unserem Angebot\/Auftragsdokument. Zeichnungen, Pl\u00e4ne sowie Ertrags\u2011\/Wirtschaftlichkeitsberechnungen sind \u2013 sofern nicht ausdr\u00fccklich garantiert \u2013 unverbindliche Simulationen\/Planungsunterlagen.<\/p>\n<p>PVPro beh\u00e4lt Eigentum und Urheberrechte an Angebotsunterlagen, Zeichnungen, Berechnungen, Dokumentationen und Bildern. Weitergabe oder Nutzung \u00fcber den Vertragszweck hinaus nur mit vorheriger Zustimmung.<\/p>\n<p>Gleichwertige Produkt\u00e4nderungen bleiben vorbehalten, sofern die geschuldete Funktionalit\u00e4t nicht wesentlich beeintr\u00e4chtigt wird.<\/p>\n<h2 id=\"3-vertragsschluss\">3. Vertragsschluss<\/h2>\n<p>Produktdarstellungen sind <em>invitatio ad offerendum<\/em>. Die Bestellung des Kunden ist ein verbindliches Angebot. Der Vertrag kommt durch unsere Auftragsbest\u00e4tigung oder durch Lieferung\/Montagebeginn zustande. M\u00fcndliche Ausk\u00fcnfte sind unverbindlich, sofern sie nicht in Textform best\u00e4tigt werden.<\/p>\n<h2 id=\"4-mitwirkung\">4. Mitwirkungspflichten des Kunden, beh\u00f6rdliche\/versorgerseitige Verfahren<\/h2>\n<ol>\n<li>Der Kunde stellt rechtzeitig und auf eigene Kosten sicher: (a) Zugang zur Liegenschaft\/Baustelle (inkl. Ger\u00fcst\/Zufahrt, Baustrom), (b) erforderliche Genehmigungen\/Zustimmungen (Eigent\u00fcmer, WEG, Denkmalschutz), (c) statische\/bauordnungsrechtliche Eignung, (d) geeignete Elektro\u2011Infrastruktur (Z\u00e4hlerplatz\/Hausverteilung), (e) Mitwirkung bei Anmeldung\/Netzanschluss\/Z\u00e4hlerwechsel.<\/li>\n<li>Wir unterst\u00fctzen bei Meldungen\/Antr\u00e4gen (Netzbetreiber, Marktstammdatenregister, ggf. F\u00f6rderstellen) im vereinbarten Umfang; Entscheidungen Dritter liegen au\u00dferhalb unseres Einflussbereichs.<\/li>\n<li>Erf\u00fcllt der Kunde Mitwirkungspflichten nicht\/versp\u00e4tet, verl\u00e4ngern sich Fristen angemessen; dadurch entstehende Mehrkosten tr\u00e4gt der Kunde.<\/li>\n<\/ol>\n<h2 id=\"5-preise-zahlung\">5. Preise, Steuern, Zahlungsbedingungen, Aufrechnung<\/h2>\n<ol>\n<li>Preise sind \u2013 sofern nicht anders ausgewiesen \u2013 Bruttoendpreise inkl. gesetzlicher Umsatzsteuer. Steuerbeg\u00fcnstigungen (z.\u202fB. f\u00fcr PV\u2011Komponenten) werden angewandt, soweit gesetzlich anwendbar; die Pr\u00fcfung pers\u00f6nlicher Voraussetzungen obliegt dem Kunden.<\/li>\n<li>F\u00e4lligkeit, sofern nicht im Auftrag abweichend: (a) Kauf ohne Montage (B2C\/B2B): Vorkasse vor Lieferung; (b) nur Montage (B2C): 100\u202f% binnen 7 Tagen nach Abnahme\/Fertigstellung; (c) Komplettservice (B2C): 65\u202f% binnen 7 Tagen nach Materialanlieferung, 35\u202f% binnen 7 Tagen nach Abnahme\/\u00dcbergabe; (d) Komplettservice (B2B): gesonderte Vereinbarung.<\/li>\n<li>Bei Zahlungsverzug gelten die gesetzlichen Verzugszinsen (\u00a7\u202f288 BGB); weitergehende Verzugssch\u00e4den bleiben vorbehalten.<\/li>\n<li>Aufrechnung\/Zur\u00fcckbehaltung nur mit unbestrittenen oder rechtskr\u00e4ftig festgestellten Gegenanspr\u00fcchen; Verbraucher zus\u00e4tzlich mit Anspr\u00fcchen aus demselben Vertragsverh\u00e4ltnis.<\/li>\n<li>Preis\u00e4nderungsvorbehalt (nur B2B): Bei erheblichen, unvorhersehbaren Kostensteigerungen (Material\/Transport\/Energie) ohne unser Verschulden kann eine angemessene Anpassung verlangt werden; kommt keine Einigung zustande, steht beiden Parteien ein R\u00fccktritts-\/K\u00fcndigungsrecht zu. F\u00fcr Verbraucher gilt der vereinbarte Preis.<\/li>\n<\/ol>\n<h2 id=\"6-lieferung\">6. Lieferung, Termine, Selbstbelieferung, H\u00f6here Gewalt<\/h2>\n<ol>\n<li>Liefer-\/Montagefristen sind unverbindlich, sofern nicht ausdr\u00fccklich als verbindlich bezeichnet.<\/li>\n<li>Teillieferungen\/Teilleistungen sind zumutbarerweise zul\u00e4ssig.<\/li>\n<li>Selbstbelieferungsvorbehalt: Bleibt PVPro trotz kongruenten Deckungsgesch\u00e4fts unverschuldet und dauerhaft unzutreffend\/zu sp\u00e4t beliefert, k\u00f6nnen wir vom Vertrag zur\u00fccktreten; bereits erbrachte Zahlungen werden erstattet.<\/li>\n<li>H\u00f6here Gewalt\/au\u00dferhalb unseres Einflusses liegende Ereignisse (z.\u202fB. Naturereignisse, Pandemien, Arbeitsk\u00e4mpfe, beh\u00f6rdliche Ma\u00dfnahmen, Lieferkettenst\u00f6rungen) verl\u00e4ngern Fristen um die Dauer der St\u00f6rung zzgl. angemessener Anlaufzeit. Dauert die St\u00f6rung &gt; 60 Tage, k\u00f6nnen beide Parteien die betroffenen Leistungen au\u00dferordentlich l\u00f6sen; Teilleistungen sind abzurechnen.<\/li>\n<li>Ertrags-\/Wirtschaftlichkeitsprognosen sind keine Garantien k\u00fcnftiger Ertr\u00e4ge.<\/li>\n<\/ol>\n<h2 id=\"7-abnahme-gefahr\">7. Abnahme, Gefahr\u00fcbergang, Eigentums\u00fcbergang<\/h2>\n<ol>\n<li>Bei Werkleistungen erkl\u00e4rt der Kunde nach Fertigstellung die Abnahme; Teilabnahmen k\u00f6nnen vereinbart werden. Als abgenommen gilt die Leistung, wenn wir nach Fertigstellung eine angemessene Frist zur Abnahme gesetzt haben und der Kunde die Abnahme nicht innerhalb der Frist unter Benennung wesentlicher M\u00e4ngel verweigert (\u00a7\u202f640 BGB).<\/li>\n<li>Gefahr\u00fcbergang: Bei Kaufvertr\u00e4gen mit \u00dcbergabe\/Anlieferung, bei Werkleistungen mit Abnahme.<\/li>\n<li>Zum Eigentums\u00fcbergang vgl. Ziffer 8.<\/li>\n<\/ol>\n<h2 id=\"8-eigentumsvorbehalt\">8. Eigentumsvorbehalt (erweitert)<\/h2>\n<ol>\n<li>Gelieferte bewegliche Waren bleiben bis zur vollst\u00e4ndigen Bezahlung s\u00e4mtlicher Forderungen aus dem jeweiligen Vertrag Eigentum von PVPro.<\/li>\n<li>Werden Vorbehaltswaren mit einem Grundst\u00fcck\/einer Sache so verbunden, dass sie wesentlicher Bestandteil werden, tritt der Kunde \u2013 soweit rechtlich zul\u00e4ssig \u2013 werthaltige Anspr\u00fcche (z.\u202fB. Versicherungs-\/Schadensersatzanspr\u00fcche) in H\u00f6he des Rechnungswerts vorsorglich an PVPro ab; PVPro nimmt an.<\/li>\n<li>B2B: Verl\u00e4ngerter Eigentumsvorbehalt \u2013 der Unternehmerkunde tritt Forderungen aus Weiterver\u00e4u\u00dferung\/Einbau in H\u00f6he des Fakturaendbetrags im Voraus an PVPro ab (mit Vorrang).<\/li>\n<li>Verpf\u00e4ndungen\/Sicherungs\u00fcbereignungen sind unzul\u00e4ssig; Pf\u00e4ndungen sind PVPro unverz\u00fcglich anzuzeigen.<\/li>\n<\/ol>\n<h2 id=\"9-gewaehrleistung\">9. Gew\u00e4hrleistung (Sach- und Rechtsm\u00e4ngel)<\/h2>\n<ol>\n<li>Kaufrecht: Es gelten \u00a7\u00a7\u202f434\u202fff. BGB. Verbraucher: Verj\u00e4hrung 2 Jahre ab Lieferung; Unternehmer: 12 Monate ab Lieferung (R\u00fcckgriffsanspr\u00fcche ausgenommen).<\/li>\n<li>Werkvertragsrecht: Es gelten \u00a7\u00a7\u202f633\u202fff. BGB. Verj\u00e4hrung 5 Jahre bei Arbeiten an einem Bauwerk\/dessen Erfolg, im \u00dcbrigen 2 Jahre, jeweils ab Abnahme.<\/li>\n<li>Nacherf\u00fcllung: Wahlrecht PVPro zwischen M\u00e4ngelbeseitigung und Neulieferung\/-herstellung, soweit gesetzlich zul\u00e4ssig.<\/li>\n<li>B2B: \u00a7\u202f377 HGB (Untersuchungs-\/R\u00fcgeobliegenheit) gilt.<\/li>\n<li>Ausschl\u00fcsse: Keine Gew\u00e4hrleistung bei unsachgem\u00e4\u00dfer Verwendung, fehlerhafter Montage\/Betrieb durch Kunden\/Dritte, normalem Verschlei\u00df, fehlender Wartung, h\u00f6herer Gewalt, \u00c4nderungen ohne unsere Zustimmung.<\/li>\n<li>Herstellergarantien bleiben unber\u00fchrt; Anspr\u00fcche hieraus sind direkt gegen\u00fcber dem Hersteller geltend zu machen.<\/li>\n<\/ol>\n<h2 id=\"10-haftung\">10. Haftung<\/h2>\n<ol>\n<li>Unbeschr\u00e4nkte Haftung bei Vorsatz und grober Fahrl\u00e4ssigkeit, f\u00fcr Sch\u00e4den aus der Verletzung von Leben, K\u00f6rper oder Gesundheit, nach dem Produkthaftungsgesetz sowie bei \u00dcbernahme einer Garantie.<\/li>\n<li>Bei einfach fahrl\u00e4ssiger Verletzung wesentlicher Vertragspflichten (Kardinalpflichten) ist die Haftung auf den vertragstypischen, vorhersehbaren Schaden begrenzt.<\/li>\n<li>Im \u00dcbrigen ist die Haftung f\u00fcr einfache Fahrl\u00e4ssigkeit ausgeschlossen.<\/li>\n<li>Die vorstehenden Regeln gelten auch zugunsten unserer Organe, Mitarbeiter und Erf\u00fcllungsgehilfen.<\/li>\n<\/ol>\n<h2 id=\"11-widerruf\">11. Widerrufsrecht f\u00fcr Verbraucher, freiwilliges R\u00fcckgaberecht<\/h2>\n<ol>\n<li>Bei Fernabsatz- oder au\u00dferhalb von Gesch\u00e4ftsr\u00e4umen geschlossenen Vertr\u00e4gen steht Verbrauchern ein gesetzliches Widerrufsrecht von 14 Tagen zu. PVPro stellt eine Widerrufsbelehrung sowie ein Muster\u2011Widerrufsformular (Anlage 1) bereit.<\/li>\n<li>Ausschl\u00fcsse\/Erl\u00f6schen: Kein Widerruf bzw. Erl\u00f6schen bei gesetzlich geregelten Ausnahmen (u.\u202fa. nicht vorgefertigte, kundenspezifische Ware; vollst\u00e4ndige Dienstleistung nach ausdr\u00fccklichem Verlangen vor Fristende und Best\u00e4tigung des Wissens um das Erl\u00f6schen).<\/li>\n<li>Freiwilliges R\u00fcckgaberecht (Zusatzleistung): Zus\u00e4tzlich gew\u00e4hren wir Verbrauchern eine R\u00fcckgabe binnen 7 Tagen ab Erhalt f\u00fcr unbenutzte Ware in Originalverpackung (ausgenommen kundenspezifische Ware\/versiegelte Software\/Komponenten mit aktivierter Seriennummer). R\u00fccksendekosten tr\u00e4gt der Kunde, au\u00dfer bei Lieferfehlern. B2B: R\u00fccknahme nur freiwillig nach vorheriger Zustimmung.<\/li>\n<\/ol>\n<h2 id=\"12-servicegarantie\">12. Freiwillige Servicegarantie (Privatkunden)<\/h2>\n<ol>\n<li>Zus\u00e4tzlich zu gesetzlichen Anspr\u00fcchen bietet PVPro eine freiwillige Servicegarantie zur Nachbesserung von Funktionsst\u00f6rungen f\u00fcr die Lebensdauer der installierten Anlage beim Erstkunden, solange die Anlage bestimmungsgem\u00e4\u00df betrieben und gem\u00e4\u00df Herstellervorgaben gewartet wird.<\/li>\n<li>Umfang: Arbeitsleistungen zur St\u00f6rungsanalyse\/-behebung w\u00e4hrend der Gesch\u00e4ftszeiten; Material-\/Wege-\/Fremdkosten k\u00f6nnen nach vorheriger Zustimmung berechnet werden, soweit nicht Herstellergarantien greifen.<\/li>\n<li>Ausgeschlossen: Sch\u00e4den durch unsachgem\u00e4\u00dfe Behandlung, \u00c4nderungen ohne Freigabe, h\u00f6here Gewalt, Vandalismus, netzbetreiberseitige Einfl\u00fcsse. Gesetzliche M\u00e4ngelrechte bleiben unber\u00fchrt.<\/li>\n<\/ol>\n<h2 id=\"13-datenschutz\">13. Datenschutz (DSGVO)<\/h2>\n<p>PVPro verarbeitet personenbezogene Daten des Kunden zur Vertragsanbahnung, -durchf\u00fchrung und -abrechnung (Art.\u202f6 Abs.\u202f1 lit.\u202fb DSGVO) sowie zur Erf\u00fcllung gesetzlicher Pflichten (Art.\u202f6 Abs.\u202f1 lit.\u202fc DSGVO). Eine Weitergabe erfolgt an Dienstleistungspartner (Logistik, Montagebetriebe, Elektrofachbetriebe, Netzbetreiber, Hersteller, IT-\/Cloud\u2011Dienstleister) im erforderlichen Umfang; Auftragsverarbeitungen nach Art.\u202f28 DSGVO. Details (Datenkategorien, Speicherdauer, Betroffenenrechte, Datenschutzkontakt) ergeben sich aus unserer <a href=\"[URL Datenschutzerkl\u00e4rung]\" rel=\"noopener\">Datenschutzerkl\u00e4rung<\/a>.<\/p>\n<h2 id=\"14-ip-software\">14. Geistiges Eigentum, Software\/Monitoring<\/h2>\n<p>Rechte an Dokumentationen, Planungsunterlagen, Fotos, Zeichnungen und Software verbleiben bei PVPro bzw. dem jeweiligen Rechteinhaber. F\u00fcr ggf. enthaltene Monitoring-\/Steuerungssoftware Dritter gelten deren Lizenzbedingungen.<\/p>\n<h2 id=\"15-streit\">15. Verbraucherstreitbeilegung \/ OS\u2011Plattform<\/h2>\n<p>PVPro ist nicht verpflichtet und nicht bereit, an Streitbeilegungsverfahren vor einer Verbraucherschlichtungsstelle teilzunehmen. Die EU\u2011Plattform zur Online\u2011Streitbeilegung (OS) ist unter <a href=\"https:\/\/ec.europa.eu\/consumers\/odr\" rel=\"nofollow noopener\">ec.europa.eu\/consumers\/odr<\/a> erreichbar.<\/p>\n<h2 id=\"16-schluss\">16. Schlussbestimmungen, Rechtswahl, Gerichtsstand, Textform<\/h2>\n<ol>\n<li>Es gilt deutsches Recht unter Ausschluss des UN\u2011Kaufrechts (CISG). Gegen\u00fcber Verbrauchern bleiben zwingende Verbraucherschutzvorschriften des Staates ihres gew\u00f6hnlichen Aufenthalts unber\u00fchrt.<\/li>\n<li>Erf\u00fcllungsort ist \u2013 soweit zul\u00e4ssig \u2013 der Sitz von PVPro. Gerichtsstand f\u00fcr Kaufleute ist der Sitz von PVPro; f\u00fcr Verbraucher gilt der gesetzliche Gerichtsstand.<\/li>\n<li>\u00c4nderungen\/Erg\u00e4nzungen bed\u00fcrfen mindestens der Textform; dies gilt auch f\u00fcr die Aufhebung dieses Textformerfordernisses.<\/li>\n<li>AGB\u2011\u00c4nderungen gelten f\u00fcr k\u00fcnftige Vertr\u00e4ge. F\u00fcr laufende Dauerschuldverh\u00e4ltnisse informieren wir \u00fcber \u00c4nderungen mit Widerspruchsm\u00f6glichkeit; Schweigen begr\u00fcndet keine Zustimmung, sofern nicht gesetzlich zul\u00e4ssig und ausdr\u00fccklich vereinbart.<\/li>\n<li>Salvatorische Klausel: Ist eine Bestimmung unwirksam, bleiben die \u00fcbrigen wirksam; anstelle der unwirksamen gilt die gesetzliche Regelung, hilfsweise eine wirksame, die dem wirtschaftlichen Zweck am n\u00e4chsten kommt.<\/li>\n<\/ol>\n<\/section>\n","protected":false},"excerpt":{"rendered":"<p>Allgemeine Gesch\u00e4ftsbedingungen (AGB) PVPro Solar GmbH, Eichstra\u00dfe51 30161 Hannover, Handelsregister: HRB 227934, USt\u2011IdNr.: DE361555471, E\u2011Mail: Hallo@pvprosolar.de Stand: 03.09.2024 Geltungsbereich, Begriffsbestimmungen Vertragsgegenstand, Unterlagen, Prognosen Vertragsschluss Mitwirkungspflichten des Kunden, Verfahren Preise, Steuern, Zahlungsbedingungen, Aufrechnung Lieferung, Termine, Selbstbelieferung, H\u00f6here Gewalt Abnahme, Gefahr\u00fcbergang, Eigentums\u00fcbergang Eigentumsvorbehalt (erweitert) Gew\u00e4hrleistung (Sach- und Rechtsm\u00e4ngel) Haftung Widerrufsrecht f\u00fcr Verbraucher, freiwilliges R\u00fcckgaberecht Freiwillige Servicegarantie (Privatkunden)&#8230;<\/p>\n","protected":false},"author":16,"featured_media":0,"parent":0,"menu_order":0,"comment_status":"closed","ping_status":"closed","template":"","meta":{"_kad_blocks_custom_css":"","_kad_blocks_head_custom_js":"","_kad_blocks_body_custom_js":"","_kad_blocks_footer_custom_js":"","postBodyCss":"","postBodyMargin":[],"postBodyPadding":[],"postBodyBackground":{"backgroundType":"classic","gradient":""},"_uf_show_specific_survey":0,"_uf_disable_surveys":false,"_kad_post_transparent":"default","_kad_post_title":"default","_kad_post_layout":"default","_kad_post_sidebar_id":"","_kad_post_content_style":"default","_kad_post_vertical_padding":"default","_kad_post_feature":"","_kad_post_feature_position":"","_kad_post_header":false,"_kad_post_footer":false,"_kad_post_classname":"","footnotes":""},"class_list":["post-603","page","type-page","status-publish","hentry"],"yoast_head":"<!-- This site is optimized with the Yoast SEO plugin v27.4 - https:\/\/yoast.com\/product\/yoast-seo-wordpress\/ -->\n<title>AGB &#183; PVPro Solar \u2013 Dein Photovoltaikanbieter vor Ort in Hannover<\/title>\n<meta name=\"robots\" content=\"index, follow, max-snippet:-1, max-image-preview:large, max-video-preview:-1\" \/>\n<link rel=\"canonical\" href=\"https:\/\/pvprosolar.de\/en\/agb\/\" \/>\n<meta property=\"og:locale\" content=\"en_US\" \/>\n<meta property=\"og:type\" content=\"article\" \/>\n<meta property=\"og:title\" content=\"AGB &#183; PVPro Solar \u2013 Dein Photovoltaikanbieter vor Ort in Hannover\" \/>\n<meta property=\"og:description\" content=\"Allgemeine Gesch\u00e4ftsbedingungen (AGB) PVPro Solar GmbH, Eichstra\u00dfe51 30161 Hannover, Handelsregister: HRB 227934, USt\u2011IdNr.: DE361555471, E\u2011Mail: Hallo@pvprosolar.de Stand: 03.09.2024 Geltungsbereich, Begriffsbestimmungen Vertragsgegenstand, Unterlagen, Prognosen Vertragsschluss Mitwirkungspflichten des Kunden, Verfahren Preise, Steuern, Zahlungsbedingungen, Aufrechnung Lieferung, Termine, Selbstbelieferung, H\u00f6here Gewalt Abnahme, Gefahr\u00fcbergang, Eigentums\u00fcbergang Eigentumsvorbehalt (erweitert) Gew\u00e4hrleistung (Sach- und Rechtsm\u00e4ngel) Haftung Widerrufsrecht f\u00fcr Verbraucher, freiwilliges R\u00fcckgaberecht Freiwillige Servicegarantie (Privatkunden)...\" \/>\n<meta property=\"og:url\" content=\"https:\/\/pvprosolar.de\/en\/agb\/\" \/>\n<meta property=\"og:site_name\" content=\"PVPro Solar \u2013 Dein Photovoltaikanbieter vor Ort in Hannover\" \/>\n<meta property=\"article:modified_time\" content=\"2025-09-18T01:06:11+00:00\" \/>\n<meta property=\"og:image\" content=\"https:\/\/pvprosolar.de\/wp-content\/uploads\/2026\/04\/pvprosolar_og_1200x630.png\" \/>\n\t<meta property=\"og:image:width\" content=\"1200\" \/>\n\t<meta property=\"og:image:height\" content=\"630\" \/>\n\t<meta property=\"og:image:type\" content=\"image\/png\" \/>\n<meta name=\"twitter:card\" content=\"summary_large_image\" \/>\n<meta name=\"twitter:label1\" content=\"Est. reading time\" \/>\n\t<meta name=\"twitter:data1\" content=\"8 minutes\" \/>\n<script type=\"application\/ld+json\" class=\"yoast-schema-graph\">{\"@context\":\"https:\\\/\\\/schema.org\",\"@graph\":[{\"@type\":\"WebPage\",\"@id\":\"https:\\\/\\\/pvprosolar.de\\\/en\\\/agb\\\/\",\"url\":\"https:\\\/\\\/pvprosolar.de\\\/en\\\/agb\\\/\",\"name\":\"AGB &#183; PVPro Solar \u2013 Dein Photovoltaikanbieter vor Ort in Hannover\",\"isPartOf\":{\"@id\":\"https:\\\/\\\/pvprosolar.de\\\/en\\\/#website\"},\"datePublished\":\"2024-07-06T08:46:43+00:00\",\"dateModified\":\"2025-09-18T01:06:11+00:00\",\"breadcrumb\":{\"@id\":\"https:\\\/\\\/pvprosolar.de\\\/en\\\/agb\\\/#breadcrumb\"},\"inLanguage\":\"en-US\",\"potentialAction\":[{\"@type\":\"ReadAction\",\"target\":[\"https:\\\/\\\/pvprosolar.de\\\/en\\\/agb\\\/\"]}]},{\"@type\":\"BreadcrumbList\",\"@id\":\"https:\\\/\\\/pvprosolar.de\\\/en\\\/agb\\\/#breadcrumb\",\"itemListElement\":[{\"@type\":\"ListItem\",\"position\":1,\"name\":\"Home\",\"item\":\"https:\\\/\\\/pvprosolar.de\\\/en\\\/\"},{\"@type\":\"ListItem\",\"position\":2,\"name\":\"AGB\"}]},{\"@type\":\"WebSite\",\"@id\":\"https:\\\/\\\/pvprosolar.de\\\/en\\\/#website\",\"url\":\"https:\\\/\\\/pvprosolar.de\\\/en\\\/\",\"name\":\"PVPro Solar GmbH\",\"description\":\"Photovoltaik, Speicher, Wallbox | Aus Hannover f\u00fcr die Region\",\"publisher\":{\"@id\":\"https:\\\/\\\/pvprosolar.de\\\/en\\\/#organization\"},\"potentialAction\":[{\"@type\":\"SearchAction\",\"target\":{\"@type\":\"EntryPoint\",\"urlTemplate\":\"https:\\\/\\\/pvprosolar.de\\\/en\\\/?s={search_term_string}\"},\"query-input\":{\"@type\":\"PropertyValueSpecification\",\"valueRequired\":true,\"valueName\":\"search_term_string\"}}],\"inLanguage\":\"en-US\"},{\"@type\":\"Organization\",\"@id\":\"https:\\\/\\\/pvprosolar.de\\\/en\\\/#organization\",\"name\":\"PVPro Solar\",\"url\":\"https:\\\/\\\/pvprosolar.de\\\/en\\\/\",\"logo\":{\"@type\":\"ImageObject\",\"inLanguage\":\"en-US\",\"@id\":\"https:\\\/\\\/pvprosolar.de\\\/en\\\/#\\\/schema\\\/logo\\\/image\\\/\",\"url\":\"https:\\\/\\\/pvprosolar.de\\\/wp-content\\\/uploads\\\/2025\\\/12\\\/pvpro-design.png\",\"contentUrl\":\"https:\\\/\\\/pvprosolar.de\\\/wp-content\\\/uploads\\\/2025\\\/12\\\/pvpro-design.png\",\"width\":500,\"height\":500,\"caption\":\"PVPro Solar\"},\"image\":{\"@id\":\"https:\\\/\\\/pvprosolar.de\\\/en\\\/#\\\/schema\\\/logo\\\/image\\\/\"}}]}<\/script>\n<!-- \/ Yoast SEO plugin. -->","yoast_head_json":{"title":"AGB &#183; PVPro Solar \u2013 Dein Photovoltaikanbieter vor Ort in Hannover","robots":{"index":"index","follow":"follow","max-snippet":"max-snippet:-1","max-image-preview":"max-image-preview:large","max-video-preview":"max-video-preview:-1"},"canonical":"https:\/\/pvprosolar.de\/en\/agb\/","og_locale":"en_US","og_type":"article","og_title":"AGB &#183; PVPro Solar \u2013 Dein Photovoltaikanbieter vor Ort in Hannover","og_description":"Allgemeine Gesch\u00e4ftsbedingungen (AGB) PVPro Solar GmbH, Eichstra\u00dfe51 30161 Hannover, Handelsregister: HRB 227934, USt\u2011IdNr.: DE361555471, E\u2011Mail: Hallo@pvprosolar.de Stand: 03.09.2024 Geltungsbereich, Begriffsbestimmungen Vertragsgegenstand, Unterlagen, Prognosen Vertragsschluss Mitwirkungspflichten des Kunden, Verfahren Preise, Steuern, Zahlungsbedingungen, Aufrechnung Lieferung, Termine, Selbstbelieferung, H\u00f6here Gewalt Abnahme, Gefahr\u00fcbergang, Eigentums\u00fcbergang Eigentumsvorbehalt (erweitert) Gew\u00e4hrleistung (Sach- und Rechtsm\u00e4ngel) Haftung Widerrufsrecht f\u00fcr Verbraucher, freiwilliges R\u00fcckgaberecht Freiwillige Servicegarantie (Privatkunden)...","og_url":"https:\/\/pvprosolar.de\/en\/agb\/","og_site_name":"PVPro Solar \u2013 Dein Photovoltaikanbieter vor Ort in Hannover","article_modified_time":"2025-09-18T01:06:11+00:00","og_image":[{"width":1200,"height":630,"url":"https:\/\/pvprosolar.de\/wp-content\/uploads\/2026\/04\/pvprosolar_og_1200x630.png","type":"image\/png"}],"twitter_card":"summary_large_image","twitter_misc":{"Est. reading time":"8 minutes"},"schema":{"@context":"https:\/\/schema.org","@graph":[{"@type":"WebPage","@id":"https:\/\/pvprosolar.de\/en\/agb\/","url":"https:\/\/pvprosolar.de\/en\/agb\/","name":"AGB &#183; PVPro Solar \u2013 Dein Photovoltaikanbieter vor Ort in Hannover","isPartOf":{"@id":"https:\/\/pvprosolar.de\/en\/#website"},"datePublished":"2024-07-06T08:46:43+00:00","dateModified":"2025-09-18T01:06:11+00:00","breadcrumb":{"@id":"https:\/\/pvprosolar.de\/en\/agb\/#breadcrumb"},"inLanguage":"en-US","potentialAction":[{"@type":"ReadAction","target":["https:\/\/pvprosolar.de\/en\/agb\/"]}]},{"@type":"BreadcrumbList","@id":"https:\/\/pvprosolar.de\/en\/agb\/#breadcrumb","itemListElement":[{"@type":"ListItem","position":1,"name":"Home","item":"https:\/\/pvprosolar.de\/en\/"},{"@type":"ListItem","position":2,"name":"AGB"}]},{"@type":"WebSite","@id":"https:\/\/pvprosolar.de\/en\/#website","url":"https:\/\/pvprosolar.de\/en\/","name":"PVPro Solar GmbH","description":"Photovoltaik, Speicher, Wallbox | Aus Hannover f\u00fcr die Region","publisher":{"@id":"https:\/\/pvprosolar.de\/en\/#organization"},"potentialAction":[{"@type":"SearchAction","target":{"@type":"EntryPoint","urlTemplate":"https:\/\/pvprosolar.de\/en\/?s={search_term_string}"},"query-input":{"@type":"PropertyValueSpecification","valueRequired":true,"valueName":"search_term_string"}}],"inLanguage":"en-US"},{"@type":"Organization","@id":"https:\/\/pvprosolar.de\/en\/#organization","name":"PVPro Solar","url":"https:\/\/pvprosolar.de\/en\/","logo":{"@type":"ImageObject","inLanguage":"en-US","@id":"https:\/\/pvprosolar.de\/en\/#\/schema\/logo\/image\/","url":"https:\/\/pvprosolar.de\/wp-content\/uploads\/2025\/12\/pvpro-design.png","contentUrl":"https:\/\/pvprosolar.de\/wp-content\/uploads\/2025\/12\/pvpro-design.png","width":500,"height":500,"caption":"PVPro Solar"},"image":{"@id":"https:\/\/pvprosolar.de\/en\/#\/schema\/logo\/image\/"}}]}},"taxonomy_info":[],"featured_image_src_large":false,"author_info":{"display_name":"kh","author_link":"https:\/\/pvprosolar.de\/en\/author\/kj\/"},"comment_info":0,"_links":{"self":[{"href":"https:\/\/pvprosolar.de\/en\/wp-json\/wp\/v2\/pages\/603","targetHints":{"allow":["GET"]}}],"collection":[{"href":"https:\/\/pvprosolar.de\/en\/wp-json\/wp\/v2\/pages"}],"about":[{"href":"https:\/\/pvprosolar.de\/en\/wp-json\/wp\/v2\/types\/page"}],"author":[{"embeddable":true,"href":"https:\/\/pvprosolar.de\/en\/wp-json\/wp\/v2\/users\/16"}],"replies":[{"embeddable":true,"href":"https:\/\/pvprosolar.de\/en\/wp-json\/wp\/v2\/comments?post=603"}],"version-history":[{"count":3,"href":"https:\/\/pvprosolar.de\/en\/wp-json\/wp\/v2\/pages\/603\/revisions"}],"predecessor-version":[{"id":12207,"href":"https:\/\/pvprosolar.de\/en\/wp-json\/wp\/v2\/pages\/603\/revisions\/12207"}],"wp:attachment":[{"href":"https:\/\/pvprosolar.de\/en\/wp-json\/wp\/v2\/media?parent=603"}],"curies":[{"name":"wp","href":"https:\/\/api.w.org\/{rel}","templated":true}]}}